{"id":1270,"date":"2018-05-24T20:29:20","date_gmt":"2018-05-24T19:29:20","guid":{"rendered":"http:\/\/www.mhl-law.de\/?page_id=1270"},"modified":"2018-05-25T13:19:13","modified_gmt":"2018-05-25T12:19:13","slug":"datenschutz","status":"publish","type":"page","link":"https:\/\/mhl-law.de\/de\/datenschutz\/","title":{"rendered":"Datenschutz"},"content":{"rendered":"<h3>Datenschutzerkl\u00e4rung der MHL-Law Rechtsanwaltsgesellschaft mbH, F\u00fcrstenrieder Str. 5, 80687 M\u00fcnchen<\/h3>\n<h4>1. Name und Kontaktdaten des f\u00fcr die Verarbeitung Verantwortlichen<\/h4>\n<p>Verantwortlicher f\u00fcr die Datenverarbeitung auf dieser Website im Sinne der Datenschutz-Grundverordnung (DSGVO) ist:<br \/>\nMHL-Law Rechtsanwaltsgesellschaft mbH<br \/>\nF\u00fcrstenrieder Str. 5, 80687 M\u00fcnchen<br \/>\nTel. 089 552 797 770<br \/>\nFax. 089 552 797 780<br \/>\nE-Mail: info@mhl-law.de<\/p>\n<h4> 2. Erhebung und Speicherung personenbezogener Daten sowie Art und Zweck deren Verwendung<\/h4>\n<p>Beim Aufrufen unserer Website www.mhl-law.de werden durch den auf Ihrem Endger\u00e4t zum Einsatz kommenden Browser automatisch Informationen an den Server unserer Website gesendet. Diese Informationen werden tempor\u00e4r in einem sog. Logfile gespeichert. Folgende Informationen werden dabei ohne Ihr Zutun erfasst und bis zur automatisierten L\u00f6schung gespeichert:<\/p>\n<ul>\n<li><span style=\"font-weight: 400;\">IP-Adresse des anfragenden Rechners,<\/span><\/li>\n<li><span style=\"font-weight: 400;\">Datum und Uhrzeit des Zugriffs,<\/span><\/li>\n<li><span style=\"font-weight: 400;\">Name und URL der abgerufenen Datei,<\/span><\/li>\n<li><span style=\"font-weight: 400;\">Website, von der aus der Zugriff erfolgt \u00a0(Referrer-URL),<\/span><\/li>\n<li><span style=\"font-weight: 400;\">verwendeter Browser und ggf. das Betriebssystem Ihres Rechners sowie der Name Ihres Access-Providers.<\/span><\/li>\n<\/ul>\n<p>Die genannten Daten werden durch uns zu folgenden Zwecken verarbeitet:<\/p>\n<ul>\n<li>Gew\u00e4hrleistung eines reibungslosen \u00a0Verbindungsaufbaus der Website,<\/li>\n<li>Gew\u00e4hrleistung einer komfortablen Nutzung unserer Website,<\/li>\n<li>Auswertung der Systemsicherheit und -stabilit\u00e4t sowie<\/li>\n<li>zu weiteren administrativen Zwecken.<\/li>\n<\/ul>\n<p>Die Rechtsgrundlage f\u00fcr die Datenverarbeitung ist Art. 6 Abs. 1 S. 1 lit. f DSGVO. Unser berechtigtes Interesse folgt aus oben aufgelisteten Zwecken zur Datenerhebung. In keinem Fall verwenden wir die erhobenen Daten zu dem Zweck, R\u00fcckschl\u00fcsse auf Ihre Person zu ziehen.<\/p>\n<p>Dar\u00fcber hinaus setzen wir beim Besuch unserer Website Cookies ein. N\u00e4here Erl\u00e4uterungen dazu erhalten Sie unter Ziff. 4 dieser Datenschutzerkl\u00e4rung.<\/p>\n<h4>3. Weitergabe von Daten<\/h4>\n<p>Eine \u00dcbermittlung Ihrer pers\u00f6nlichen Daten an Dritte zu anderen als den im Folgenden aufgef\u00fchrten Zwecken findet nicht statt. Wir geben Ihre pers\u00f6nlichen Daten nur an Dritte weiter wenn:<\/p>\n<ul>\n<li>Sie Ihre nach Art. 6 Abs. 1 S. 1 lit. a DSGVO ausdr\u00fcckliche Einwilligung dazu erteilt haben,<\/li>\n<li>die Weitergabe nach Art. 6 Abs. 1 S. 1 lit. f DSGVO zur Geltendmachung, Aus\u00fcbung oder Verteidigung von \u00a0Rechtsanspr\u00fcchen erforderlich ist und kein Grund zur Annahme besteht, dass Sie ein \u00fcberwiegendes schutzw\u00fcrdiges Interesse an der Nichtweitergabe Ihrer Daten haben,<\/li>\n<li>f\u00fcr den Fall, dass f\u00fcr die Weitergabe nach Art. 6 Abs. 1 S. 1 lit. c DSGVO eine gesetzliche Verpflichtung besteht, sowie<\/li>\n<li>dies gesetzlich zul\u00e4ssig und nach Art. 6 Abs. 1 S. 1 lit. b DSGVO f\u00fcr die Abwicklung von Vertragsverh\u00e4ltnissen mit Ihnen erforderlich ist.<\/li>\n<\/ul>\n<h4>4. Cookies<\/h4>\n<p>Wir setzen auf unserer Seite Cookies ein. Hierbei handelt es sich um kleine Dateien, die Ihr Browser automatisch erstellt und die auf Ihrem Endger\u00e4t (Laptop, Tablet, Smartphone o.\u00e4.) gespeichert werden, wenn Sie unsere Seite besuchen. Cookies richten auf Ihrem Endger\u00e4t keinen Schaden an, enthalten keine Viren, Trojaner oder sonstige Schadsoftware In dem Cookie werden Informationen abgelegt, die sich jeweils im Zusammenhang mit dem spezifisch eingesetzten Endger\u00e4t ergeben. Dies bedeutet jedoch nicht, dass wir dadurch unmittelbar Kenntnis von Ihrer Identit\u00e4t erhalten.<\/p>\n<p>Der Einsatz von Cookies dient einerseits dazu, die Nutzung unseres Angebots f\u00fcr Sie angenehmer zu gestalten. So setzen wir sogenannte Session-Cookies ein, um zu erkennen, dass Sie einzelne Seiten unserer Website bereits besucht haben. Diese werden nach Verlassen unserer Seite automatisch gel\u00f6scht.<\/p>\n<p>Dar\u00fcber hinaus setzen wir ebenfalls zur Optimierung der Benutzerfreundlichkeit tempor\u00e4re Cookies ein, die f\u00fcr einen bestimmten festgelegten Zeitraum auf Ihrem Endger\u00e4t gespeichert werden. Besuchen Sie unsere Seite erneut, um unsere Dienste in Anspruch zu nehmen, wird automatisch erkannt, dass Sie bereits bei uns waren und welche Eingaben und Einstellungen sie get\u00e4tigt haben, um diese nicht noch einmal eingeben zu \u00a0m\u00fcssen.<\/p>\n<p>Zum anderen setzten wir Cookies ein, um die Nutzung unserer Website statistisch zu erfassen und zum Zwecke der Optimierung unseres Angebotes f\u00fcr Sie auszuwerten. Diese Cookies erm\u00f6glichen es uns, bei einem erneuten Besuch unserer Seite automatisch zu erkennen, dass Sie bereits bei uns waren. Diese Cookies werden nach einer jeweils definierten Zeit automatisch gel\u00f6scht.<\/p>\n<p>Die durch Cookies verarbeiteten Daten sind f\u00fcr die genannten Zwecke zur Wahrung unserer berechtigten Interessen sowie der Dritter nach Art. 6 Abs. 1 S. 1 lit. f DSGVO erforderlich.<\/p>\n<p>Die meisten Browser akzeptieren Cookies automatisch. Sie k\u00f6nnen Ihren Browser jedoch so konfigurieren, dass keine Cookies auf Ihrem Computer gespeichert werden oder stets ein Hinweis erscheint, bevor ein neuer Cookie angelegt wird. Die vollst\u00e4ndige Deaktivierung von Cookies kann jedoch dazu f\u00fchren, dass Sie nicht alle Funktionen unserer Website nutzen k\u00f6nnen. Dar\u00fcber hinaus k\u00f6nnen Sie Cookies im Nachhinein \u00fcber Ihren Browser l\u00f6schen und in Ihrem Browser k\u00f6nnen Sie auch feststellen, welche Cookies f\u00fcr wie lang gespeichert werden.<\/p>\n<h4>5. Tools<\/h4>\n<p><strong>Google Maps<\/strong><br \/>\nAuf unserer Website verwenden wir Google Maps (API) von Google LLC., 1600 Amphitheatre Parkway, Mountain View, CA 94043, USA (\u201cGoogle\u201d). Google Maps ist ein Webdienst zur Darstellung von interaktiven (Land-)Karten, um geographische Informationen visuell darzustellen. \u00dcber die Nutzung dieses Dienstes wird Ihnen unser Standort angezeigt und eine etwaige Anfahrt erleichtert.<\/p>\n<p>Bereits beim Aufrufen der Kontakt-Seite, in die die Karte von Google Maps eingebunden ist, werden Informationen \u00fcber Ihre Nutzung unserer Website (wie z.B. Ihre IP-Adresse) an Server von Google in den USA \u00fcbertragen und dort gespeichert. Dies erfolgt unabh\u00e4ngig davon, ob Google ein Nutzerkonto bereitstellt, \u00fcber das Sie eingeloggt sind, oder ob kein Nutzerkonto besteht. Wenn Sie bei Google eingeloggt sind, werden Ihre Daten direkt Ihrem Konto zugeordnet. Wenn Sie die Zuordnung mit Ihrem Profil bei Google nicht w\u00fcnschen, m\u00fcssen Sie sich vor Aktivierung des Buttons ausloggen. Google speichert Ihre Daten (selbst f\u00fcr nicht eingeloggte Nutzer) als Nutzungsprofile und wertet diese aus. Eine solche Auswertung erfolgt insbesondere gem\u00e4\u00df Art. 6 Abs. 1 lit.f DSGVO auf Basis der berechtigten Interessen von Google an der Einblendung personalisierter Werbung, Marktforschung und\/oder bedarfsgerechten Gestaltung seiner Website. Ihnen steht ein Widerspruchsrecht zu gegen die Bildung dieser Nutzerprofile, wobei Sie sich zur Aus\u00fcbung dessen an Google richten m\u00fcssen.<\/p>\n<p>Google LLC mit Sitz in den USA ist f\u00fcr das US-europ\u00e4ische Datenschutz\u00fcbereinkommen \u201ePrivacy Shield\u201c zertifiziert, welches die Einhaltung des in der EU geltenden Datenschutzniveaus gew\u00e4hrleistet. Wenn Sie mit der k\u00fcnftigen \u00dcbermittlung Ihrer Daten an Google im Rahmen der Nutzung von Google Maps nicht einverstanden sind, besteht auch die M\u00f6glichkeit, den Webdienst von Google Maps vollst\u00e4ndig zu deaktivieren, indem Sie die Anwendung JavaScript in Ihrem Browser ausschalten. Google Maps und damit auch die Kartenanzeige auf dieser Internetseite kann dann nicht genutzt werden.<\/p>\n<p>Die Nutzungsbedingungen von Google k\u00f6nnen Sie unter <a href=\"http:\/\/www.google.de\/intl\/de\/policies\/terms\/regional.html\" rel=\"noopener\" target=\"_blank\">http:\/\/www.google.de\/intl\/de\/policies\/terms\/regional.html<\/a> einsehen, die zus\u00e4tzlichen Nutzungsbedingungen f\u00fcr Google Maps finden Sie unter <a href=\"https:\/\/www.google.com\/intl\/de_US\/help\/terms_maps.html\" rel=\"noopener\" target=\"_blank\">https:\/\/www.google.com\/intl\/de_US\/help\/terms_maps.html<\/a><\/p>\n<p>Ausf\u00fchrliche Informationen zum Datenschutz im Zusammenhang mit der Verwendung von Google Maps finden Sie auf der Internetseite von Google (\u201eGoogle Privacy Policy\u201c): <a href=\"http:\/\/www.google.de\/intl\/de\/policies\/privacy\/\" rel=\"noopener\" target=\"_blank\">http:\/\/www.google.de\/intl\/de\/policies\/privacy\/<\/a><\/p>\n<h4>6. Verwendung von Sozialen Medien und Plug-ins<\/h4>\n<p>Wir setzen auf unserer Website auf Grundlage des Art. 6 Abs. 1 S. 1 lit. f DSGVO Links zu den sozialen Netzwerken Twitter und LinkedIn ein, um unsere Kanzlei hier\u00fcber bekannter zu machen. Der dahinterstehende werbliche Zweck ist als berechtigtes Interesse im Sinne der DSGVO anzusehen. Auf derselben Grundlage verwenden wir ein WPML Plug-in (s. unter a) unten), um eine bedarfsgerechte Gestaltung und fortlaufende Optimierung unserer Homepage zu erreichen und dem Nutzer den von ihm angefragten Dienst in seiner Sprache zur Verf\u00fcgung zu stellen (Art. 6 Abs.1 lit b DSGVO). Die Verantwortung f\u00fcr den datenschutzkonformen Betrieb ist durch deren jeweiligen Anbieter zu gew\u00e4hrleisten.<\/p>\n<h4>a. WPML Plug-in<\/h4>\n<p>Da unsere Website zweisprachig ist, nutzen wir ein WPML Plug-in der Firma OnTheGoSystems Ltd. Company, um die vom Nutzer bevorzugte Sprache festzustellen. Nach eigenen Angaben gen\u00fcgt WPML vollumf\u00e4nglich den Anforderungen der DSGVO. Zweck und Umfang der Datenerhebung von WPML entnehmen Sie bitte den Datenschutzhinweisen (<a href=\"https:\/\/wpml.org\/documentation\/privacy-policy-and-gdpr-compliance\/\" rel=\"noopener\" target=\"_blank\">https:\/\/wpml.org\/documentation\/privacy-policy-and-gdpr-compliance\/<\/a>). <\/p>\n<h4>b. Twitter und LinkedIn<\/h4>\n<p>Wir haben auf unserer Kontakt-Seite Links zu Twitter und LinkedIn-Accounts unserer Kanzlei. Hierbei handelt es sich nur um Links, nicht um Plug-ins. Dennoch wird beim Klick auf den Link eine direkte Verbindung zwischen Ihrem Browser und dem Twitter-\/ LinkedIn-Server hergestellt. Die Anbieter erhalten dadurch die Information, dass Sie mit Ihrer IP-Adresse unsere Seite besucht haben. Wenn Sie zu dem Zeitpunkt in Ihrem jeweiligen Account eingeloggt sind, k\u00f6nnen Sie die Inhalte unserer Seiten auf Ihrem Profil verlinken. Dadurch kann der Besuch unserer Seiten Ihrem Benutzerkonto zugeordnet werden. Wir weisen darauf hin, dass wir als Anbieter der Seite keine Kenntnis vom Inhalt der \u00fcbermittelten Daten sowie deren Nutzung durch die Drittanbieter erhalten.<\/p>\n<p>Wenn Sie nicht w\u00fcnschen, dass Ihnen der Besuch unserer Seite zugeordnet werden kann, loggen Sie sich bitte aus Ihrem Benutzerkonto aus.<\/p>\n<p>Weitere Informationen hierzu finden Sie in den Datenschutzerkl\u00e4rungen\u00a0von Twitter (<a href=\"https:\/\/twitter.com\/privacy\" rel=\"noopener\" target=\"_blank\">https:\/\/twitter.com\/privacy<\/a>) und LinkedIn (<a href=\"https:\/\/www.linkedin.com\/legal\/privacy-policy?_l=de_DE\" rel=\"noopener\" target=\"_blank\">https:\/\/www.linkedin.com\/legal\/privacy-policy?_l=de_DE<\/a>).<\/p>\n<h4>7. Betroffenenrechte<\/h4>\n<ul>\n<li>gem\u00e4\u00df Art. 15 DSGVO Auskunft \u00fcber Ihre von uns verarbeiteten personenbezogenen Daten zu verlangen. Insbesondere k\u00f6nnen Sie Auskunft \u00fcber die Verarbeitungszwecke, die Kategorie der personenbezogenen Daten, die Kategorien von Empf\u00e4ngern, gegen\u00fcber denen Ihre Daten offengelegt wurden oder werden, die geplante Speicherdauer, das Bestehen eines Rechts auf Berichtigung, L\u00f6schung, Einschr\u00e4nkung der Verarbeitung oder Widerspruch, das Bestehen eines Beschwerderechts, die Herkunft ihrer Daten, sofern diese nicht bei uns erhoben wurden, sowie \u00fcber das Bestehen einer automatisierten Entscheidungsfindung einschlie\u00dflich Profiling und ggf. aussagekr\u00e4ftigen Informationen zu deren Einzelheiten verlangen;<\/li>\n<li>gem\u00e4\u00df Art. 16 DSGVO unverz\u00fcglich die Berichtigung unrichtiger oder Vervollst\u00e4ndigung Ihrer bei uns \u00a0gespeicherten personenbezogenen Daten zu verlangen;<\/li>\n<li>gem\u00e4\u00df Art. 17 DSGVO die L\u00f6schung Ihrer bei uns gespeicherten personenbezogenen Daten zu verlangen, soweit nicht die Verarbeitung zur Aus\u00fcbung des Rechts auf freie Meinungs\u00e4u\u00dferung und Information, zur Erf\u00fcllung einer rechtlichen Verpflichtung, aus Gr\u00fcnden des \u00f6ffentlichen Interesses oder zur Geltendmachung, Aus\u00fcbung oder Verteidigung von Rechtsanspr\u00fcchen erforderlich ist;<\/li>\n<li>gem\u00e4\u00df Art. 18 DSGVO die Einschr\u00e4nkung der Verarbeitung Ihrer \u00a0personenbezogenen Daten zu verlangen, soweit die Richtigkeit der Daten von Ihnen bestritten wird, die Verarbeitung unrechtm\u00e4\u00dfig ist, Sie aber deren L\u00f6schung ablehnen und wir die Daten nicht mehr ben\u00f6tigen, Sie jedoch diese zur Geltendmachung, Aus\u00fcbung oder Verteidigung von Rechtsanspr\u00fcchen ben\u00f6tigen oder Sie gem\u00e4\u00df Art. 21 DSGVO Widerspruch gegen die Verarbeitung eingelegt haben;<\/li>\n<li>gem\u00e4\u00df Art. 20 DSGVO Ihre personenbezogenen Daten, die Sie uns bereitgestellt haben, in einem strukturierten, g\u00e4ngigen und maschinenlesebaren Format zu erhalten oder die \u00dcbermittlung an einen anderen Verantwortlichen zu verlangen;<\/li>\n<li>gem\u00e4\u00df Art. 7 Abs. 3 DSGVO Ihre einmal erteilte Einwilligung jederzeit gegen\u00fcber uns zu widerrufen. Dies hat zur \u00a0Folge, dass wir die Datenverarbeitung, die auf dieser Einwilligung beruhte, f\u00fcr die Zukunft nicht mehr fortf\u00fchren d\u00fcrfen und<\/li>\n<li>gem\u00e4\u00df Art. 77 DSGVO sich bei einer Aufsichtsbeh\u00f6rde zu beschweren. In der Regel k\u00f6nnen Sie sich hierf\u00fcr an die Aufsichtsbeh\u00f6rde Ihres \u00fcblichen Aufenthaltsortes oder Arbeitsplatzes oder unseres Kanzleisitzes wenden.<\/li>\n<\/ul>\n<h4>8. Widerspruchsrecht<\/h4>\n<p>Sofern Ihre personenbezogenen Daten auf Grundlage von berechtigten Interessen gem\u00e4\u00df Art. 6 Abs. 1 S. 1 lit. f DSGVO verarbeitet werden, haben Sie das Recht, gem\u00e4\u00df Art. 21 DSGVO Widerspruch gegen die Verarbeitung Ihrer personenbezogenen Daten einzulegen, soweit daf\u00fcr Gr\u00fcnde vorliegen, die sich aus Ihrer besonderen Situation ergeben oder sich der Widerspruch gegen Direktwerbung richtet. Im letzteren Fall haben Sie ein generelles Widerspruchsrecht, das ohne Angabe einer besonderen Situation von uns umgesetzt wird.<\/p>\n<p>M\u00f6chten Sie von Ihrem Widerrufs- oder Widerspruchsrecht Gebrauch machen, gen\u00fcgt eine E-Mail an <a href=\"mailto:info@mhl-law.de\">info@mhl-law.de<\/a>.<\/p>\n<h4>9. Datensicherheit<\/h4>\n<p>Wir bedienen uns geeigneter technischer und organisatorischer Sicherheitsma\u00dfnahmen, um Ihre Daten gegen zuf\u00e4llige oder vors\u00e4tzliche Manipulationen, teilweisen oder vollst\u00e4ndigen Verlust, Zerst\u00f6rung oder gegen den unbefugten Zugriff Dritter zu sch\u00fctzen. Unsere Sicherheitsma\u00dfnahmen werden entsprechend der technologischen Entwicklung fortlaufend verbessert.<\/p>\n<h4>10. Aktualit\u00e4t und \u00c4nderung der Datenschutzerkl\u00e4rung<\/h4>\n<p>Diese Datenschutzerkl\u00e4rung ist aktuell g\u00fcltig und hat den Stand Mai 2018. Durch die Weiterentwicklung unserer Website und Angebote dar\u00fcber oder aufgrund ge\u00e4nderter gesetzlicher beziehungsweise beh\u00f6rdlicher Vorgaben kann es notwendig werden, diese Datenschutzerkl\u00e4rung zu \u00e4ndern. Die jeweils aktuelle Datenschutzerkl\u00e4rung kann jederzeit auf der Website unter <a href=\"https:\/\/mhl-law.de\/de\/datenschutz\/\">http:\/\/www.mhl-law.de\/de\/datenschutz\/<\/a> von Ihnen abgerufen und ausgedruckt werden.<\/p>\n","protected":false},"excerpt":{"rendered":"<p>Datenschutzerkl\u00e4rung der MHL-Law Rechtsanwaltsgesellschaft mbH, F\u00fcrstenrieder Str. 5, 80687 M\u00fcnchen 1. Name und Kontaktdaten des f\u00fcr die Verarbeitung Verantwortlichen Verantwortlicher f\u00fcr die Datenverarbeitung auf dieser Website im Sinne der Datenschutz-Grundverordnung (DSGVO) ist: MHL-Law Rechtsanwaltsgesellschaft mbH F\u00fcrstenrieder Str. 5, 80687 M\u00fcnchen Tel. 089 552 797 770 Fax. 089 552 797 780&#8230;<\/p>\n","protected":false},"author":1,"featured_media":0,"parent":0,"menu_order":7,"comment_status":"closed","ping_status":"closed","template":"","meta":[],"acf":[],"yoast_head":"<!-- This site is optimized with the Yoast SEO plugin v15.4 - https:\/\/yoast.com\/wordpress\/plugins\/seo\/ -->\n<meta name=\"robots\" content=\"index, follow, max-snippet:-1, max-image-preview:large, max-video-preview:-1\" \/>\n<link rel=\"canonical\" href=\"https:\/\/mhl-law.de\/de\/datenschutz\/\" \/>\n<meta property=\"og:locale\" content=\"de_DE\" \/>\n<meta property=\"og:type\" content=\"article\" \/>\n<meta property=\"og:title\" content=\"Datenschutz - MHL-Law Rechtsanwaltsgesellschaft mbh\" \/>\n<meta property=\"og:description\" content=\"Datenschutzerkl\u00e4rung der MHL-Law Rechtsanwaltsgesellschaft mbH, F\u00fcrstenrieder Str. 5, 80687 M\u00fcnchen 1. Name und Kontaktdaten des f\u00fcr die Verarbeitung Verantwortlichen Verantwortlicher f\u00fcr die Datenverarbeitung auf dieser Website im Sinne der Datenschutz-Grundverordnung (DSGVO) ist: MHL-Law Rechtsanwaltsgesellschaft mbH F\u00fcrstenrieder Str. 5, 80687 M\u00fcnchen Tel. 089 552 797 770 Fax. 089 552 797 780...\" \/>\n<meta property=\"og:url\" content=\"https:\/\/mhl-law.de\/de\/datenschutz\/\" \/>\n<meta property=\"og:site_name\" content=\"MHL-Law Rechtsanwaltsgesellschaft mbh\" \/>\n<meta property=\"article:modified_time\" content=\"2018-05-25T12:19:13+00:00\" \/>\n<meta name=\"twitter:card\" content=\"summary\" \/>\n<meta name=\"twitter:label1\" content=\"Verfasst von\">\n\t<meta name=\"twitter:data1\" content=\"plasticity\">\n\t<meta name=\"twitter:label2\" content=\"Gesch\u00e4tzte Lesezeit\">\n\t<meta name=\"twitter:data2\" content=\"8 Minuten\">\n<script type=\"application\/ld+json\" class=\"yoast-schema-graph\">{\"@context\":\"https:\/\/schema.org\",\"@graph\":[{\"@type\":\"WebSite\",\"@id\":\"https:\/\/mhl-law.de\/#website\",\"url\":\"https:\/\/mhl-law.de\/\",\"name\":\"MHL-Law Rechtsanwaltsgesellschaft mbh\",\"description\":\"Markus Hans Ludwig\",\"potentialAction\":[{\"@type\":\"SearchAction\",\"target\":\"https:\/\/mhl-law.de\/?s={search_term_string}\",\"query-input\":\"required name=search_term_string\"}],\"inLanguage\":\"de-DE\"},{\"@type\":\"WebPage\",\"@id\":\"https:\/\/mhl-law.de\/de\/datenschutz\/#webpage\",\"url\":\"https:\/\/mhl-law.de\/de\/datenschutz\/\",\"name\":\"Datenschutz - MHL-Law Rechtsanwaltsgesellschaft mbh\",\"isPartOf\":{\"@id\":\"https:\/\/mhl-law.de\/#website\"},\"datePublished\":\"2018-05-24T19:29:20+00:00\",\"dateModified\":\"2018-05-25T12:19:13+00:00\",\"inLanguage\":\"de-DE\",\"potentialAction\":[{\"@type\":\"ReadAction\",\"target\":[\"https:\/\/mhl-law.de\/de\/datenschutz\/\"]}]}]}<\/script>\n<!-- \/ Yoast SEO plugin. -->","_links":{"self":[{"href":"https:\/\/mhl-law.de\/de\/wp-json\/wp\/v2\/pages\/1270"}],"collection":[{"href":"https:\/\/mhl-law.de\/de\/wp-json\/wp\/v2\/pages"}],"about":[{"href":"https:\/\/mhl-law.de\/de\/wp-json\/wp\/v2\/types\/page"}],"author":[{"embeddable":true,"href":"https:\/\/mhl-law.de\/de\/wp-json\/wp\/v2\/users\/1"}],"replies":[{"embeddable":true,"href":"https:\/\/mhl-law.de\/de\/wp-json\/wp\/v2\/comments?post=1270"}],"version-history":[{"count":10,"href":"https:\/\/mhl-law.de\/de\/wp-json\/wp\/v2\/pages\/1270\/revisions"}],"predecessor-version":[{"id":1291,"href":"https:\/\/mhl-law.de\/de\/wp-json\/wp\/v2\/pages\/1270\/revisions\/1291"}],"wp:attachment":[{"href":"https:\/\/mhl-law.de\/de\/wp-json\/wp\/v2\/media?parent=1270"}],"curies":[{"name":"wp","href":"https:\/\/api.w.org\/{rel}","templated":true}]}}