{"id":1308,"date":"2019-06-29T21:37:47","date_gmt":"2019-06-29T20:37:47","guid":{"rendered":"https:\/\/mhl-law.de\/?page_id=1308"},"modified":"2019-07-01T20:56:54","modified_gmt":"2019-07-01T19:56:54","slug":"geyer","status":"publish","type":"page","link":"https:\/\/mhl-law.de\/de\/die-kanzlei\/rechtsanwaelte\/geyer\/","title":{"rendered":"Simon Geyer"},"content":{"rendered":"<p><img loading=\"lazy\" class=\"wp-image-973 size-medium alignright\" src=\"https:\/\/mhl-law.de\/wp-content\/uploads\/2019\/06\/geyer_simon2.png\" alt=\"\" width=\"211\" height=\"300\" \/><strong>Berufsbezeichnungen: <\/strong>Rechtsanwalt\u00a0\u2022 Prokurist<\/p>\n<p><strong>Fachgebiete:<\/strong> Steuerrecht \u2022 Arbeitsrecht \u2022 Gesellschaftsrecht<\/p>\n<p><strong>Email:<\/strong>\u00a0<a href=\"mailto:geyer@mhl-law.de\">geyer@mhl-law.de<\/a><\/p>\n<p>Herr RA Geyer wurde 1985 in Oberbayern geboren und verbrachte seine Schulzeit in Franken. Nach dem Abitur 2005 absolvierte er das Studium der Rechtswissenschaften an der Friedrich-Alexander-Universit\u00e4t zu Erlangen sowie der Ludwig-Maximilian-Universit\u00e4t zu M\u00fcnchen mit dem Studienschwerpunkt im Arbeits- und Sozialrecht. Das Studium schloss Herr Geyer anno 2012 erfolgreich mit dem ersten Staatsexamen ab. Das anschlie\u00dfende Referendariat mit dem Schwerpunkt Steuerrecht verbrachte er an den Landgerichten Ansbach und N\u00fcrnberg. Nach erfolgreichem Abschluss des Zweiten Staatsexamens 2014 folgte die Zulassung zur Anwaltschaft im Jahr 2015. Herr Geyer ist Mitglied der Rechtsanwaltskammer M\u00fcnchen und dar\u00fcber hinaus vielf\u00e4ltig gesellschaftlich und politisch engagiert.<\/p>\n<p>Seine berufliche Laufbahn begann Herr Geyer 2014 bei einer der weltweit f\u00fchrenden Wirtschaftspr\u00fcfungs- und Steuerberatungsgesellschaften in M\u00fcnchen. Ab 2016 war Herr Geyer in einer mittelst\u00e4ndisch strukturierten Steuerkanzlei in Niederbayern t\u00e4tig. Seit 2019 ist er nunmehr im Team der MHL-Law Rechtsanwaltsgesellschaft mbH in M\u00fcnchen.<\/p>\n<p>Herr Geyer betreut seit Beginn seiner T\u00e4tigkeit schwerpunktm\u00e4\u00dfig Mandate aus dem nationalen wie internationalen Steuerrecht, dem Arbeitsrecht sowie dem Gesellschaftsrecht. Gem\u00e4\u00df unserer Philosophie bei MHL arbeiten wir f\u00fcr Sie im Team wo immer m\u00f6glich oder notwendig, um bestm\u00f6gliche Ergebnisse zu erzielen.<\/p>\n<p>Herr Geyer spricht neben seiner Muttersprache Deutsch auch flie\u00dfend Englisch.<\/p>\n","protected":false},"excerpt":{"rendered":"<p><strong>Berufsbezeichnungen: <\/strong>Rechtsanwalt\u00a0\u2022 Prokurist<\/p>\n<p><strong>Fachgebiete:<\/strong> Steuerrecht \u2022 Arbeitsrecht \u2022 Gesellschaftsrecht<\/p>\n<p><strong>Email:<\/strong>\u00a0<a href=\"mailto:geyer@mhl-law.de\">geyer@mhl-law.de<\/a><\/p>\n","protected":false},"author":1,"featured_media":0,"parent":867,"menu_order":15,"comment_status":"closed","ping_status":"closed","template":"","meta":[],"acf":[],"yoast_head":"<!-- This site is optimized with the Yoast SEO plugin v15.4 - https:\/\/yoast.com\/wordpress\/plugins\/seo\/ -->\n<meta name=\"robots\" content=\"index, follow, max-snippet:-1, max-image-preview:large, max-video-preview:-1\" \/>\n<link rel=\"canonical\" href=\"https:\/\/mhl-law.de\/de\/die-kanzlei\/rechtsanwaelte\/geyer\/\" \/>\n<meta property=\"og:locale\" content=\"de_DE\" \/>\n<meta property=\"og:type\" content=\"article\" \/>\n<meta property=\"og:title\" content=\"Simon Geyer - MHL-Law Rechtsanwaltsgesellschaft mbh\" \/>\n<meta property=\"og:description\" content=\"Berufsbezeichnungen: Rechtsanwalt\u00a0\u2022 Prokurist  Fachgebiete: Steuerrecht \u2022 Arbeitsrecht \u2022 Gesellschaftsrecht  Email:\u00a0geyer@mhl-law.de\" \/>\n<meta property=\"og:url\" content=\"https:\/\/mhl-law.de\/de\/die-kanzlei\/rechtsanwaelte\/geyer\/\" \/>\n<meta property=\"og:site_name\" content=\"MHL-Law Rechtsanwaltsgesellschaft mbh\" \/>\n<meta property=\"article:modified_time\" content=\"2019-07-01T19:56:54+00:00\" \/>\n<meta property=\"og:image\" content=\"https:\/\/mhl-law.de\/wp-content\/uploads\/2019\/06\/geyer_simon2.png\" \/>\n<meta name=\"twitter:card\" content=\"summary\" \/>\n<meta name=\"twitter:label1\" content=\"Verfasst von\">\n\t<meta name=\"twitter:data1\" content=\"plasticity\">\n\t<meta name=\"twitter:label2\" content=\"Gesch\u00e4tzte Lesezeit\">\n\t<meta name=\"twitter:data2\" content=\"1 Minute\">\n<script type=\"application\/ld+json\" class=\"yoast-schema-graph\">{\"@context\":\"https:\/\/schema.org\",\"@graph\":[{\"@type\":\"WebSite\",\"@id\":\"https:\/\/mhl-law.de\/#website\",\"url\":\"https:\/\/mhl-law.de\/\",\"name\":\"MHL-Law Rechtsanwaltsgesellschaft mbh\",\"description\":\"Markus Hans Ludwig\",\"potentialAction\":[{\"@type\":\"SearchAction\",\"target\":\"https:\/\/mhl-law.de\/?s={search_term_string}\",\"query-input\":\"required name=search_term_string\"}],\"inLanguage\":\"de-DE\"},{\"@type\":\"ImageObject\",\"@id\":\"https:\/\/mhl-law.de\/de\/die-kanzlei\/rechtsanwaelte\/geyer\/#primaryimage\",\"inLanguage\":\"de-DE\",\"url\":\"https:\/\/mhl-law.de\/wp-content\/uploads\/2019\/06\/geyer_simon2.png\",\"width\":211,\"height\":300},{\"@type\":\"WebPage\",\"@id\":\"https:\/\/mhl-law.de\/de\/die-kanzlei\/rechtsanwaelte\/geyer\/#webpage\",\"url\":\"https:\/\/mhl-law.de\/de\/die-kanzlei\/rechtsanwaelte\/geyer\/\",\"name\":\"Simon Geyer - MHL-Law Rechtsanwaltsgesellschaft mbh\",\"isPartOf\":{\"@id\":\"https:\/\/mhl-law.de\/#website\"},\"primaryImageOfPage\":{\"@id\":\"https:\/\/mhl-law.de\/de\/die-kanzlei\/rechtsanwaelte\/geyer\/#primaryimage\"},\"datePublished\":\"2019-06-29T20:37:47+00:00\",\"dateModified\":\"2019-07-01T19:56:54+00:00\",\"inLanguage\":\"de-DE\",\"potentialAction\":[{\"@type\":\"ReadAction\",\"target\":[\"https:\/\/mhl-law.de\/de\/die-kanzlei\/rechtsanwaelte\/geyer\/\"]}]}]}<\/script>\n<!-- \/ Yoast SEO plugin. -->","_links":{"self":[{"href":"https:\/\/mhl-law.de\/de\/wp-json\/wp\/v2\/pages\/1308"}],"collection":[{"href":"https:\/\/mhl-law.de\/de\/wp-json\/wp\/v2\/pages"}],"about":[{"href":"https:\/\/mhl-law.de\/de\/wp-json\/wp\/v2\/types\/page"}],"author":[{"embeddable":true,"href":"https:\/\/mhl-law.de\/de\/wp-json\/wp\/v2\/users\/1"}],"replies":[{"embeddable":true,"href":"https:\/\/mhl-law.de\/de\/wp-json\/wp\/v2\/comments?post=1308"}],"version-history":[{"count":3,"href":"https:\/\/mhl-law.de\/de\/wp-json\/wp\/v2\/pages\/1308\/revisions"}],"predecessor-version":[{"id":1350,"href":"https:\/\/mhl-law.de\/de\/wp-json\/wp\/v2\/pages\/1308\/revisions\/1350"}],"up":[{"embeddable":true,"href":"https:\/\/mhl-law.de\/de\/wp-json\/wp\/v2\/pages\/867"}],"wp:attachment":[{"href":"https:\/\/mhl-law.de\/de\/wp-json\/wp\/v2\/media?parent=1308"}],"curies":[{"name":"wp","href":"https:\/\/api.w.org\/{rel}","templated":true}]}}