{"id":1330,"date":"2019-06-29T22:28:02","date_gmt":"2019-06-29T21:28:02","guid":{"rendered":"https:\/\/mhl-law.de\/?page_id=1330"},"modified":"2019-06-29T22:28:02","modified_gmt":"2019-06-29T21:28:02","slug":"hauptgeschaeftsstelle-muenchen","status":"publish","type":"page","link":"https:\/\/mhl-law.de\/de\/die-kanzlei\/unsere-standorte\/hauptgeschaeftsstelle-muenchen\/","title":{"rendered":"Hauptgesch\u00e4ftsstelle M\u00fcnchen"},"content":{"rendered":"<p>Unsere Hauptgesch\u00e4ftsstelle finden Sie in M\u00fcnchen-Laim. In zentraler Lage (Ecke F\u00fcrstenrieder- \/ Landsbergerstra\u00dfe) befindet sich unser B\u00fcro direkt an der Stammstrecke der S-Bahn und ist deswegen mit PKW und \u00f6ffentlichem Nahverkehr sowohl vom Stadtzentrum M\u00fcnchen als auch vom Flughafen sehr gut erreichbar. Unser Summer Meeting Room Hirschgarten erlaubt auch gro\u00dfe Besprechungsrunden in angenehmer Atmosph\u00e4re \u2013 wir freuen uns darauf, Sie bei uns zu begr\u00fc\u00dfen.<\/p>\n<h4>Hauptgesch\u00e4ftsstelle M\u00fcnchen<\/h4>\n<p>F\u00fcrstenrieder Stra\u00dfe 5<br \/>\nD-80687 M\u00fcnchen<br \/>\n+49 (0)89 \u2013 552 797 770 (Phone)<br \/>\n+49 (0)89 \u2013 552 797 780 (Fax)<\/p>\n","protected":false},"excerpt":{"rendered":"<p>Unsere Hauptgesch\u00e4ftsstelle finden Sie in M\u00fcnchen-Laim. In zentraler Lage (Ecke F\u00fcrstenrieder- \/ Landsbergerstra\u00dfe) befindet sich unser B\u00fcro direkt an der Stammstrecke der S-Bahn und ist deswegen mit PKW und \u00f6ffentlichem Nahverkehr sowohl vom Stadtzentrum M\u00fcnchen als auch vom Flughafen sehr gut erreichbar. Unser Summer Meeting Room Hirschgarten erlaubt auch gro\u00dfe&#8230;<\/p>\n","protected":false},"author":1,"featured_media":1370,"parent":1316,"menu_order":0,"comment_status":"closed","ping_status":"closed","template":"","meta":[],"acf":[],"yoast_head":"<!-- This site is optimized with the Yoast SEO plugin v15.4 - https:\/\/yoast.com\/wordpress\/plugins\/seo\/ -->\n<meta name=\"robots\" content=\"index, follow, max-snippet:-1, max-image-preview:large, max-video-preview:-1\" \/>\n<link rel=\"canonical\" href=\"https:\/\/mhl-law.de\/de\/die-kanzlei\/unsere-standorte\/hauptgeschaeftsstelle-muenchen\/\" \/>\n<meta property=\"og:locale\" content=\"de_DE\" \/>\n<meta property=\"og:type\" content=\"article\" \/>\n<meta property=\"og:title\" content=\"Hauptgesch\u00e4ftsstelle M\u00fcnchen - MHL-Law Rechtsanwaltsgesellschaft mbh\" \/>\n<meta property=\"og:description\" content=\"Unsere Hauptgesch\u00e4ftsstelle finden Sie in M\u00fcnchen-Laim. In zentraler Lage (Ecke F\u00fcrstenrieder- \/ Landsbergerstra\u00dfe) befindet sich unser B\u00fcro direkt an der Stammstrecke der S-Bahn und ist deswegen mit PKW und \u00f6ffentlichem Nahverkehr sowohl vom Stadtzentrum M\u00fcnchen als auch vom Flughafen sehr gut erreichbar. Unser Summer Meeting Room Hirschgarten erlaubt auch gro\u00dfe...\" \/>\n<meta property=\"og:url\" content=\"https:\/\/mhl-law.de\/de\/die-kanzlei\/unsere-standorte\/hauptgeschaeftsstelle-muenchen\/\" \/>\n<meta property=\"og:site_name\" content=\"MHL-Law Rechtsanwaltsgesellschaft mbh\" \/>\n<meta property=\"og:image\" content=\"https:\/\/mhl-law.de\/wp-content\/uploads\/2011\/07\/team2.png\" \/>\n\t<meta property=\"og:image:width\" content=\"308\" \/>\n\t<meta property=\"og:image:height\" content=\"170\" \/>\n<meta name=\"twitter:card\" content=\"summary\" \/>\n<meta name=\"twitter:label1\" content=\"Verfasst von\">\n\t<meta name=\"twitter:data1\" content=\"plasticity\">\n\t<meta name=\"twitter:label2\" content=\"Gesch\u00e4tzte Lesezeit\">\n\t<meta name=\"twitter:data2\" content=\"0 Minuten\">\n<script type=\"application\/ld+json\" class=\"yoast-schema-graph\">{\"@context\":\"https:\/\/schema.org\",\"@graph\":[{\"@type\":\"WebSite\",\"@id\":\"https:\/\/mhl-law.de\/#website\",\"url\":\"https:\/\/mhl-law.de\/\",\"name\":\"MHL-Law Rechtsanwaltsgesellschaft mbh\",\"description\":\"Markus Hans Ludwig\",\"potentialAction\":[{\"@type\":\"SearchAction\",\"target\":\"https:\/\/mhl-law.de\/?s={search_term_string}\",\"query-input\":\"required name=search_term_string\"}],\"inLanguage\":\"de-DE\"},{\"@type\":\"ImageObject\",\"@id\":\"https:\/\/mhl-law.de\/de\/die-kanzlei\/unsere-standorte\/hauptgeschaeftsstelle-muenchen\/#primaryimage\",\"inLanguage\":\"de-DE\",\"url\":\"https:\/\/mhl-law.de\/wp-content\/uploads\/2011\/07\/team2.png\",\"width\":308,\"height\":170},{\"@type\":\"WebPage\",\"@id\":\"https:\/\/mhl-law.de\/de\/die-kanzlei\/unsere-standorte\/hauptgeschaeftsstelle-muenchen\/#webpage\",\"url\":\"https:\/\/mhl-law.de\/de\/die-kanzlei\/unsere-standorte\/hauptgeschaeftsstelle-muenchen\/\",\"name\":\"Hauptgesch\\u00e4ftsstelle M\\u00fcnchen - MHL-Law Rechtsanwaltsgesellschaft mbh\",\"isPartOf\":{\"@id\":\"https:\/\/mhl-law.de\/#website\"},\"primaryImageOfPage\":{\"@id\":\"https:\/\/mhl-law.de\/de\/die-kanzlei\/unsere-standorte\/hauptgeschaeftsstelle-muenchen\/#primaryimage\"},\"datePublished\":\"2019-06-29T21:28:02+00:00\",\"dateModified\":\"2019-06-29T21:28:02+00:00\",\"inLanguage\":\"de-DE\",\"potentialAction\":[{\"@type\":\"ReadAction\",\"target\":[\"https:\/\/mhl-law.de\/de\/die-kanzlei\/unsere-standorte\/hauptgeschaeftsstelle-muenchen\/\"]}]}]}<\/script>\n<!-- \/ Yoast SEO plugin. -->","_links":{"self":[{"href":"https:\/\/mhl-law.de\/de\/wp-json\/wp\/v2\/pages\/1330"}],"collection":[{"href":"https:\/\/mhl-law.de\/de\/wp-json\/wp\/v2\/pages"}],"about":[{"href":"https:\/\/mhl-law.de\/de\/wp-json\/wp\/v2\/types\/page"}],"author":[{"embeddable":true,"href":"https:\/\/mhl-law.de\/de\/wp-json\/wp\/v2\/users\/1"}],"replies":[{"embeddable":true,"href":"https:\/\/mhl-law.de\/de\/wp-json\/wp\/v2\/comments?post=1330"}],"version-history":[{"count":1,"href":"https:\/\/mhl-law.de\/de\/wp-json\/wp\/v2\/pages\/1330\/revisions"}],"predecessor-version":[{"id":1332,"href":"https:\/\/mhl-law.de\/de\/wp-json\/wp\/v2\/pages\/1330\/revisions\/1332"}],"up":[{"embeddable":true,"href":"https:\/\/mhl-law.de\/de\/wp-json\/wp\/v2\/pages\/1316"}],"wp:featuredmedia":[{"embeddable":true,"href":"https:\/\/mhl-law.de\/de\/wp-json\/wp\/v2\/media\/1370"}],"wp:attachment":[{"href":"https:\/\/mhl-law.de\/de\/wp-json\/wp\/v2\/media?parent=1330"}],"curies":[{"name":"wp","href":"https:\/\/api.w.org\/{rel}","templated":true}]}}