{"id":1333,"date":"2019-06-29T22:29:06","date_gmt":"2019-06-29T21:29:06","guid":{"rendered":"https:\/\/mhl-law.de\/?page_id=1333"},"modified":"2019-06-29T22:29:06","modified_gmt":"2019-06-29T21:29:06","slug":"zweigstelle-memmingen","status":"publish","type":"page","link":"https:\/\/mhl-law.de\/de\/die-kanzlei\/unsere-standorte\/zweigstelle-memmingen\/","title":{"rendered":"Zweigstelle Memmingen"},"content":{"rendered":"<p>Seit Januar 2019 bildet die Zweigstelle in Memmingen das zweite Standbein der MHL-Law. Am Rande der sch\u00f6nen Altstadt befindet sich unsere Au\u00dfenstelle Memmingen in fu\u00dfl\u00e4ufiger Entfernung zum Bahnhof sowie zum Fernbusbahnhof. Die Direktverbindungen vom Allg\u00e4u-Airport nach Irland machen Memmingen zum perfekten Standort f\u00fcr MHL-Law. Wir freuen uns darauf, Sie auch dort in unseren neuen Kanzleir\u00e4umen begr\u00fc\u00dfen zu d\u00fcrfen.<\/p>\n<h4>Zweigstelle Memmingen<\/h4>\n<p>Waldhornstr. 20<br \/>\nD-87700 Memmingen<br \/>\n+49 (0)8331 \u2013 963 658 4 (Phone)<br \/>\n+49 (0)8331 \u2013 963 658 1 (Fax)<\/p>\n","protected":false},"excerpt":{"rendered":"<p>Seit Januar 2019 bildet die Zweigstelle in Memmingen das zweite Standbein der MHL-Law. Am Rande der sch\u00f6nen Altstadt befindet sich unsere Au\u00dfenstelle Memmingen in fu\u00dfl\u00e4ufiger Entfernung zum Bahnhof sowie zum Fernbusbahnhof. Die Direktverbindungen vom Allg\u00e4u-Airport nach Irland machen Memmingen zum perfekten Standort f\u00fcr MHL-Law. Wir freuen uns darauf, Sie auch&#8230;<\/p>\n","protected":false},"author":1,"featured_media":0,"parent":1316,"menu_order":5,"comment_status":"closed","ping_status":"closed","template":"","meta":[],"acf":[],"yoast_head":"<!-- This site is optimized with the Yoast SEO plugin v15.4 - https:\/\/yoast.com\/wordpress\/plugins\/seo\/ -->\n<meta name=\"robots\" content=\"index, follow, max-snippet:-1, max-image-preview:large, max-video-preview:-1\" \/>\n<link rel=\"canonical\" href=\"https:\/\/mhl-law.de\/de\/die-kanzlei\/unsere-standorte\/zweigstelle-memmingen\/\" \/>\n<meta property=\"og:locale\" content=\"de_DE\" \/>\n<meta property=\"og:type\" content=\"article\" \/>\n<meta property=\"og:title\" content=\"Zweigstelle Memmingen - MHL-Law Rechtsanwaltsgesellschaft mbh\" \/>\n<meta property=\"og:description\" content=\"Seit Januar 2019 bildet die Zweigstelle in Memmingen das zweite Standbein der MHL-Law. Am Rande der sch\u00f6nen Altstadt befindet sich unsere Au\u00dfenstelle Memmingen in fu\u00dfl\u00e4ufiger Entfernung zum Bahnhof sowie zum Fernbusbahnhof. Die Direktverbindungen vom Allg\u00e4u-Airport nach Irland machen Memmingen zum perfekten Standort f\u00fcr MHL-Law. Wir freuen uns darauf, Sie auch...\" \/>\n<meta property=\"og:url\" content=\"https:\/\/mhl-law.de\/de\/die-kanzlei\/unsere-standorte\/zweigstelle-memmingen\/\" \/>\n<meta property=\"og:site_name\" content=\"MHL-Law Rechtsanwaltsgesellschaft mbh\" \/>\n<meta name=\"twitter:card\" content=\"summary\" \/>\n<meta name=\"twitter:label1\" content=\"Verfasst von\">\n\t<meta name=\"twitter:data1\" content=\"plasticity\">\n\t<meta name=\"twitter:label2\" content=\"Gesch\u00e4tzte Lesezeit\">\n\t<meta name=\"twitter:data2\" content=\"0 Minuten\">\n<script type=\"application\/ld+json\" class=\"yoast-schema-graph\">{\"@context\":\"https:\/\/schema.org\",\"@graph\":[{\"@type\":\"WebSite\",\"@id\":\"https:\/\/mhl-law.de\/#website\",\"url\":\"https:\/\/mhl-law.de\/\",\"name\":\"MHL-Law Rechtsanwaltsgesellschaft mbh\",\"description\":\"Markus Hans Ludwig\",\"potentialAction\":[{\"@type\":\"SearchAction\",\"target\":\"https:\/\/mhl-law.de\/?s={search_term_string}\",\"query-input\":\"required name=search_term_string\"}],\"inLanguage\":\"de-DE\"},{\"@type\":\"WebPage\",\"@id\":\"https:\/\/mhl-law.de\/de\/die-kanzlei\/unsere-standorte\/zweigstelle-memmingen\/#webpage\",\"url\":\"https:\/\/mhl-law.de\/de\/die-kanzlei\/unsere-standorte\/zweigstelle-memmingen\/\",\"name\":\"Zweigstelle Memmingen - MHL-Law Rechtsanwaltsgesellschaft mbh\",\"isPartOf\":{\"@id\":\"https:\/\/mhl-law.de\/#website\"},\"datePublished\":\"2019-06-29T21:29:06+00:00\",\"dateModified\":\"2019-06-29T21:29:06+00:00\",\"inLanguage\":\"de-DE\",\"potentialAction\":[{\"@type\":\"ReadAction\",\"target\":[\"https:\/\/mhl-law.de\/de\/die-kanzlei\/unsere-standorte\/zweigstelle-memmingen\/\"]}]}]}<\/script>\n<!-- \/ Yoast SEO plugin. -->","_links":{"self":[{"href":"https:\/\/mhl-law.de\/de\/wp-json\/wp\/v2\/pages\/1333"}],"collection":[{"href":"https:\/\/mhl-law.de\/de\/wp-json\/wp\/v2\/pages"}],"about":[{"href":"https:\/\/mhl-law.de\/de\/wp-json\/wp\/v2\/types\/page"}],"author":[{"embeddable":true,"href":"https:\/\/mhl-law.de\/de\/wp-json\/wp\/v2\/users\/1"}],"replies":[{"embeddable":true,"href":"https:\/\/mhl-law.de\/de\/wp-json\/wp\/v2\/comments?post=1333"}],"version-history":[{"count":1,"href":"https:\/\/mhl-law.de\/de\/wp-json\/wp\/v2\/pages\/1333\/revisions"}],"predecessor-version":[{"id":1335,"href":"https:\/\/mhl-law.de\/de\/wp-json\/wp\/v2\/pages\/1333\/revisions\/1335"}],"up":[{"embeddable":true,"href":"https:\/\/mhl-law.de\/de\/wp-json\/wp\/v2\/pages\/1316"}],"wp:attachment":[{"href":"https:\/\/mhl-law.de\/de\/wp-json\/wp\/v2\/media?parent=1333"}],"curies":[{"name":"wp","href":"https:\/\/api.w.org\/{rel}","templated":true}]}}