{"id":1390,"date":"2022-08-02T16:42:36","date_gmt":"2022-08-02T15:42:36","guid":{"rendered":"https:\/\/mhl-law.de\/?page_id=1390"},"modified":"2022-09-30T12:44:43","modified_gmt":"2022-09-30T11:44:43","slug":"michael-niedermeier","status":"publish","type":"page","link":"https:\/\/mhl-law.de\/de\/die-kanzlei\/rechtsanwaelte\/michael-niedermeier\/","title":{"rendered":"Michael Niedermeier"},"content":{"rendered":"<p><strong><a href=\"https:\/\/mhl-law.de\/wp-content\/uploads\/2022\/08\/Bild-Michael-scaled.jpg\"><img loading=\"lazy\" class=\"size-medium wp-image-1389 alignright\" src=\"https:\/\/mhl-law.de\/wp-content\/uploads\/2022\/08\/Bild-Michael-200x300.jpg\" alt=\"\" width=\"200\" height=\"300\" \/><\/a>Berufsbezeichnung:<\/strong> Rechtsanwalt<\/p>\n<p><strong>Fachgebiete:<\/strong> Steuerrecht, Gesellschaftsrecht, Arbeitsrecht, Erbrecht &#8211; insb. Nachlass- und Nachfolgeberatung sowie allgemeines Zivilrecht<\/p>\n<p><strong>Email:<\/strong> niedermeier@mhl-law.de<\/p>\n<p>Geboren 1990 in Rosenheim. Studium der Rechtswissenschaften an der Universit\u00e4t Augsburg und Referendariat am LG Traunstein. Seit 2022 Rechtsanwalt in M\u00fcnchen bei der MHL-Law.<\/p>\n<p>Herr Niedermeier ist 1990 in Rosenheim geboren. Er ist in Bruckm\u00fchl aufgewachsen.\u00a0 Das Studium der Rechtswissenschaften absolvierte er an der Universit\u00e4t Augsburg mit dem Schwerpunkt Steuer- und Gesellschaftsrecht und schloss dieses 2018 erfolgreich ab. W\u00e4hrend seines Referendariats konnte er unter anderem bei Stationen am AG und LRA Rosenheim, der StA Traunstein und einer bekannten Rosenheimer Anwaltskanzlei sowie dem FG M\u00fcnchen umfangreiche Erfahrungen sammeln. Nach dem erfolgreichen Abschluss der Zweiten Juristischen Staatspr\u00fcfung ist er nunmehr seit Ende 2021 bei der MHL-Law und seit Anfang 2022 ebendort als Rechtsanwalt t\u00e4tig und betreut insbesondere die Themenbereiche Steuer- und Gesellschaftsrecht, Arbeitsrecht und Erbrecht.<\/p>\n<p>Neben seiner beruflichen Ausbildung war Herr Niedermeier ein erfolgreicher Kunstradsportler. Er war mehrere Jahre Mitglied der deutschen Nationalmannschaft und konnte 2014 und 2015 den Titel des Weltmeisters erringen. Neben seiner Muttersprache Deutsch spricht Herr Niedermeier auch flie\u00dfend Englisch.<\/p>\n","protected":false},"excerpt":{"rendered":"<p>Berufsbezeichnung: Rechtsanwalt Fachgebiete: Steuerrecht, Gesellschaftsrecht, Arbeitsrecht, Erbrecht &#8211; insb. Nachlass- und Nachfolgeberatung sowie allgemeines Zivilrecht Email: niedermeier@mhl-law.de Geboren 1990 in Rosenheim. Studium der Rechtswissenschaften an der Universit\u00e4t Augsburg und Referendariat am LG Traunstein. Seit 2022 Rechtsanwalt in M\u00fcnchen bei der MHL-Law. Herr Niedermeier ist 1990 in Rosenheim geboren. Er ist&#8230;<\/p>\n","protected":false},"author":5,"featured_media":0,"parent":867,"menu_order":17,"comment_status":"closed","ping_status":"closed","template":"","meta":[],"acf":[],"yoast_head":"<!-- This site is optimized with the Yoast SEO plugin v15.4 - https:\/\/yoast.com\/wordpress\/plugins\/seo\/ -->\n<meta name=\"robots\" content=\"index, follow, max-snippet:-1, max-image-preview:large, max-video-preview:-1\" \/>\n<link rel=\"canonical\" href=\"https:\/\/mhl-law.de\/de\/die-kanzlei\/rechtsanwaelte\/michael-niedermeier\/\" \/>\n<meta property=\"og:locale\" content=\"de_DE\" \/>\n<meta property=\"og:type\" content=\"article\" \/>\n<meta property=\"og:title\" content=\"Michael Niedermeier - MHL-Law Rechtsanwaltsgesellschaft mbh\" \/>\n<meta property=\"og:description\" content=\"Berufsbezeichnung: Rechtsanwalt Fachgebiete: Steuerrecht, Gesellschaftsrecht, Arbeitsrecht, Erbrecht &#8211; insb. Nachlass- und Nachfolgeberatung sowie allgemeines Zivilrecht Email: niedermeier@mhl-law.de Geboren 1990 in Rosenheim. Studium der Rechtswissenschaften an der Universit\u00e4t Augsburg und Referendariat am LG Traunstein. Seit 2022 Rechtsanwalt in M\u00fcnchen bei der MHL-Law. Herr Niedermeier ist 1990 in Rosenheim geboren. Er ist...\" \/>\n<meta property=\"og:url\" content=\"https:\/\/mhl-law.de\/de\/die-kanzlei\/rechtsanwaelte\/michael-niedermeier\/\" \/>\n<meta property=\"og:site_name\" content=\"MHL-Law Rechtsanwaltsgesellschaft mbh\" \/>\n<meta property=\"article:modified_time\" content=\"2022-09-30T11:44:43+00:00\" \/>\n<meta property=\"og:image\" content=\"https:\/\/mhl-law.de\/wp-content\/uploads\/2022\/08\/Bild-Michael-200x300.jpg\" \/>\n<meta name=\"twitter:card\" content=\"summary\" \/>\n<meta name=\"twitter:label1\" content=\"Verfasst von\">\n\t<meta name=\"twitter:data1\" content=\"Ruth Ludwig\">\n\t<meta name=\"twitter:label2\" content=\"Gesch\u00e4tzte Lesezeit\">\n\t<meta name=\"twitter:data2\" content=\"1 Minute\">\n<script type=\"application\/ld+json\" class=\"yoast-schema-graph\">{\"@context\":\"https:\/\/schema.org\",\"@graph\":[{\"@type\":\"WebSite\",\"@id\":\"https:\/\/mhl-law.de\/#website\",\"url\":\"https:\/\/mhl-law.de\/\",\"name\":\"MHL-Law Rechtsanwaltsgesellschaft mbh\",\"description\":\"Markus Hans Ludwig\",\"potentialAction\":[{\"@type\":\"SearchAction\",\"target\":\"https:\/\/mhl-law.de\/?s={search_term_string}\",\"query-input\":\"required name=search_term_string\"}],\"inLanguage\":\"de-DE\"},{\"@type\":\"ImageObject\",\"@id\":\"https:\/\/mhl-law.de\/de\/die-kanzlei\/rechtsanwaelte\/michael-niedermeier\/#primaryimage\",\"inLanguage\":\"de-DE\",\"url\":\"https:\/\/mhl-law.de\/wp-content\/uploads\/2022\/08\/Bild-Michael-200x300.jpg\"},{\"@type\":\"WebPage\",\"@id\":\"https:\/\/mhl-law.de\/de\/die-kanzlei\/rechtsanwaelte\/michael-niedermeier\/#webpage\",\"url\":\"https:\/\/mhl-law.de\/de\/die-kanzlei\/rechtsanwaelte\/michael-niedermeier\/\",\"name\":\"Michael Niedermeier - MHL-Law Rechtsanwaltsgesellschaft mbh\",\"isPartOf\":{\"@id\":\"https:\/\/mhl-law.de\/#website\"},\"primaryImageOfPage\":{\"@id\":\"https:\/\/mhl-law.de\/de\/die-kanzlei\/rechtsanwaelte\/michael-niedermeier\/#primaryimage\"},\"datePublished\":\"2022-08-02T15:42:36+00:00\",\"dateModified\":\"2022-09-30T11:44:43+00:00\",\"inLanguage\":\"de-DE\",\"potentialAction\":[{\"@type\":\"ReadAction\",\"target\":[\"https:\/\/mhl-law.de\/de\/die-kanzlei\/rechtsanwaelte\/michael-niedermeier\/\"]}]}]}<\/script>\n<!-- \/ Yoast SEO plugin. -->","_links":{"self":[{"href":"https:\/\/mhl-law.de\/de\/wp-json\/wp\/v2\/pages\/1390"}],"collection":[{"href":"https:\/\/mhl-law.de\/de\/wp-json\/wp\/v2\/pages"}],"about":[{"href":"https:\/\/mhl-law.de\/de\/wp-json\/wp\/v2\/types\/page"}],"author":[{"embeddable":true,"href":"https:\/\/mhl-law.de\/de\/wp-json\/wp\/v2\/users\/5"}],"replies":[{"embeddable":true,"href":"https:\/\/mhl-law.de\/de\/wp-json\/wp\/v2\/comments?post=1390"}],"version-history":[{"count":5,"href":"https:\/\/mhl-law.de\/de\/wp-json\/wp\/v2\/pages\/1390\/revisions"}],"predecessor-version":[{"id":1431,"href":"https:\/\/mhl-law.de\/de\/wp-json\/wp\/v2\/pages\/1390\/revisions\/1431"}],"up":[{"embeddable":true,"href":"https:\/\/mhl-law.de\/de\/wp-json\/wp\/v2\/pages\/867"}],"wp:attachment":[{"href":"https:\/\/mhl-law.de\/de\/wp-json\/wp\/v2\/media?parent=1390"}],"curies":[{"name":"wp","href":"https:\/\/api.w.org\/{rel}","templated":true}]}}