{"id":22,"date":"2011-06-20T17:54:06","date_gmt":"2011-06-20T17:54:06","guid":{"rendered":"http:\/\/www.mhl-law.de\/?page_id=22"},"modified":"2020-02-01T11:03:07","modified_gmt":"2020-02-01T10:03:07","slug":"rechtsberatung","status":"publish","type":"page","link":"https:\/\/mhl-law.de\/de\/beratungsangebot\/rechtsberatung\/","title":{"rendered":"Rechtsberatung"},"content":{"rendered":"<p>Wir sind eine vorwiegend auf Gesellschaftsrecht, Steuerrecht, Arbeitsrecht, Erbrecht, Datenschutzrecht, IT-Recht sowie allgemeine Vertragsangelegenheiten spezialisierte Kanzlei. <!--more--><\/p>\n<h3>Rechtsberatung f\u00fcr Unternehmen und deren Inhaber<\/h3>\n<p>Wir bieten juristische Dienstleistungen f\u00fcr Unternehmen und deren Inhaber und Gesch\u00e4ftsf\u00fchrer in allen Phasen des Bestehens einer Gesellschaft an: bei Gr\u00fcndung oder Erwerb, Umstrukturierung oder Liquidation von Unternehmen.<\/p>\n<h3>Nachlass und Nachfolge<\/h3>\n<p>Bei allen Erbschafts- und Nachfolgeangelegenheiten besteht ein enger Zusammenhang zwischen rechtlichen und steuerlichen Angelegenheiten. Unser Ziel ist es, unseren Mandatnten dabei zu helfen, Verm\u00f6gens- und Verm\u00f6gens\u00fcbertragungen erfolgreich durchzuf\u00fchren (Konflikte zwischen Beg\u00fcnstigten zu vermeiden) und dies so steueroptimiert wie m\u00f6glich.<\/p>\n<h3>Allgemeines Vertragsrecht<\/h3>\n<p>Zu unseren Leistungen geh\u00f6ren sowohl die Gestaltung von individuell auf ihre Bed\u00fcrfnisse zugeschnittenen Vertr\u00e4gen, als auch die Rechtsberatung im Zusammenhang mit anderen Vertragsthemen.<\/p>\n<h3>IT-Recht und Datenschutz<\/h3>\n<p>Wir unterst\u00fctzen Unternehmen dabei, den aktuellen datenschutzrechtlichen Anforderungen gerecht zu werden und diese zu erf\u00fcllen. Seit vielen Jahren bieten wir zudem Rechtsberatung f\u00fcr national oder international t\u00e4tige Softwarehersteller und IT-Dienstleister an. Diese Dienstleistungen umfassen Lizenzrecht, Servicevereinbarungen (Hosted Services, SaaS) und Compliance.<\/p>\n<h3>Arbeitsrecht<\/h3>\n<p>Insbesondere beraten wir Arbeitgeber in allen Fragen des Arbeitsrechts und der sozialen Sicherheit, z.B. bei der Ausarbeitung von Arbeitsvertr\u00e4gen nach deutschem Recht. Aufgrund unserer internationalen Ausrichtung k\u00f6nnen wir auch bei der Entsendung von Arbeitnehmern in andere L\u00e4nder oder aus anderen L\u00e4ndern nach Deutschland (z.B. Antrag auf A\u00dcG-Lizenz) und den daraus resultierenden arbeitsrechtlichen, steuerlichen und sozialrechtlichen Konsequenzen (sowohl f\u00fcr den Arbeitgeber als auch f\u00fcr den Arbeitgeber\/ den Arbeitnehmer) beraten. MHL-Law bietet, bei Bedarf, auch die \u00dcbernahme der vollen Gehaltsabrechnung an.<\/p>\n<h3>Deutsch-Irische Rechtsberatung<\/h3>\n<p>In unserer Kanzlei\u00a0sind Juristen\u00a0mit Qualifikationen sowohl im irischen als auch im deutschen Recht t\u00e4tig. Wir von MHL-Law sind daher Spezialisten im Bereich der Bearbeitung von Rechtsfragen mit deutschen und irischen Bez\u00fcgen &#8211; sowohl f\u00fcr Privatpersonen als auch f\u00fcr Unternehmen.<\/p>\n","protected":false},"excerpt":{"rendered":"<p>Wir sind eine vorwiegend auf Gesellschaftsrecht, Steuerrecht, Arbeitsrecht, Erbrecht, Datenschutzrecht, IT-Recht sowie allgemeine Vertragsangelegenheiten spezialisierte Kanzlei.<\/p>\n","protected":false},"author":1,"featured_media":1254,"parent":16,"menu_order":0,"comment_status":"open","ping_status":"closed","template":"","meta":[],"acf":[],"yoast_head":"<!-- This site is optimized with the Yoast SEO plugin v15.4 - https:\/\/yoast.com\/wordpress\/plugins\/seo\/ -->\n<meta name=\"robots\" content=\"index, follow, max-snippet:-1, max-image-preview:large, max-video-preview:-1\" \/>\n<link rel=\"canonical\" href=\"https:\/\/mhl-law.de\/de\/beratungsangebot\/rechtsberatung\/\" \/>\n<meta property=\"og:locale\" content=\"de_DE\" \/>\n<meta property=\"og:type\" content=\"article\" \/>\n<meta property=\"og:title\" content=\"Rechtsberatung - MHL-Law Rechtsanwaltsgesellschaft mbh\" \/>\n<meta property=\"og:description\" content=\"Wir sind eine vorwiegend auf Gesellschaftsrecht, Steuerrecht, Arbeitsrecht, Erbrecht, Datenschutzrecht, IT-Recht sowie allgemeine Vertragsangelegenheiten spezialisierte Kanzlei.\" \/>\n<meta property=\"og:url\" content=\"https:\/\/mhl-law.de\/de\/beratungsangebot\/rechtsberatung\/\" \/>\n<meta property=\"og:site_name\" content=\"MHL-Law Rechtsanwaltsgesellschaft mbh\" \/>\n<meta property=\"article:modified_time\" content=\"2020-02-01T10:03:07+00:00\" \/>\n<meta property=\"og:image\" content=\"https:\/\/mhl-law.de\/wp-content\/uploads\/2018\/03\/law-services.gif\" \/>\n\t<meta property=\"og:image:width\" content=\"300\" \/>\n\t<meta property=\"og:image:height\" content=\"213\" \/>\n<meta name=\"twitter:card\" content=\"summary\" \/>\n<meta name=\"twitter:label1\" content=\"Verfasst von\">\n\t<meta name=\"twitter:data1\" content=\"plasticity\">\n\t<meta name=\"twitter:label2\" content=\"Gesch\u00e4tzte Lesezeit\">\n\t<meta name=\"twitter:data2\" content=\"1 Minute\">\n<script type=\"application\/ld+json\" class=\"yoast-schema-graph\">{\"@context\":\"https:\/\/schema.org\",\"@graph\":[{\"@type\":\"WebSite\",\"@id\":\"https:\/\/mhl-law.de\/#website\",\"url\":\"https:\/\/mhl-law.de\/\",\"name\":\"MHL-Law Rechtsanwaltsgesellschaft mbh\",\"description\":\"Markus Hans Ludwig\",\"potentialAction\":[{\"@type\":\"SearchAction\",\"target\":\"https:\/\/mhl-law.de\/?s={search_term_string}\",\"query-input\":\"required name=search_term_string\"}],\"inLanguage\":\"de-DE\"},{\"@type\":\"ImageObject\",\"@id\":\"https:\/\/mhl-law.de\/de\/beratungsangebot\/rechtsberatung\/#primaryimage\",\"inLanguage\":\"de-DE\",\"url\":\"https:\/\/mhl-law.de\/wp-content\/uploads\/2018\/03\/law-services.gif\",\"width\":300,\"height\":213},{\"@type\":\"WebPage\",\"@id\":\"https:\/\/mhl-law.de\/de\/beratungsangebot\/rechtsberatung\/#webpage\",\"url\":\"https:\/\/mhl-law.de\/de\/beratungsangebot\/rechtsberatung\/\",\"name\":\"Rechtsberatung - MHL-Law Rechtsanwaltsgesellschaft mbh\",\"isPartOf\":{\"@id\":\"https:\/\/mhl-law.de\/#website\"},\"primaryImageOfPage\":{\"@id\":\"https:\/\/mhl-law.de\/de\/beratungsangebot\/rechtsberatung\/#primaryimage\"},\"datePublished\":\"2011-06-20T17:54:06+00:00\",\"dateModified\":\"2020-02-01T10:03:07+00:00\",\"inLanguage\":\"de-DE\",\"potentialAction\":[{\"@type\":\"ReadAction\",\"target\":[\"https:\/\/mhl-law.de\/de\/beratungsangebot\/rechtsberatung\/\"]}]}]}<\/script>\n<!-- \/ Yoast SEO plugin. -->","_links":{"self":[{"href":"https:\/\/mhl-law.de\/de\/wp-json\/wp\/v2\/pages\/22"}],"collection":[{"href":"https:\/\/mhl-law.de\/de\/wp-json\/wp\/v2\/pages"}],"about":[{"href":"https:\/\/mhl-law.de\/de\/wp-json\/wp\/v2\/types\/page"}],"author":[{"embeddable":true,"href":"https:\/\/mhl-law.de\/de\/wp-json\/wp\/v2\/users\/1"}],"replies":[{"embeddable":true,"href":"https:\/\/mhl-law.de\/de\/wp-json\/wp\/v2\/comments?post=22"}],"version-history":[{"count":9,"href":"https:\/\/mhl-law.de\/de\/wp-json\/wp\/v2\/pages\/22\/revisions"}],"predecessor-version":[{"id":1381,"href":"https:\/\/mhl-law.de\/de\/wp-json\/wp\/v2\/pages\/22\/revisions\/1381"}],"up":[{"embeddable":true,"href":"https:\/\/mhl-law.de\/de\/wp-json\/wp\/v2\/pages\/16"}],"wp:featuredmedia":[{"embeddable":true,"href":"https:\/\/mhl-law.de\/de\/wp-json\/wp\/v2\/media\/1254"}],"wp:attachment":[{"href":"https:\/\/mhl-law.de\/de\/wp-json\/wp\/v2\/media?parent=22"}],"curies":[{"name":"wp","href":"https:\/\/api.w.org\/{rel}","templated":true}]}}