{"id":32,"date":"2011-06-20T17:55:25","date_gmt":"2011-06-20T17:55:25","guid":{"rendered":"http:\/\/www.mhl-law.de\/?page_id=32"},"modified":"2018-03-28T11:16:43","modified_gmt":"2018-03-28T10:16:43","slug":"steuerberatung-lohn-und-finanzbuchhaltung","status":"publish","type":"page","link":"https:\/\/mhl-law.de\/de\/beratungsangebot\/steuerberatung-lohn-und-finanzbuchhaltung\/","title":{"rendered":"Steuerliche Leistungen"},"content":{"rendered":"<p>Unser Ziel ist Steuerberatung als Instrument zum wirtschaftlichen Erfolg unserer Mandanten einzusetzen. Qualifiziertes Fachpersonal unterst\u00fctzt Sie zudem bei laufenden Steuerthemen und \u00fcbernimmt Buchhaltungen sowie Gehaltsabrechnungen.<\/p>\n<p><!--more--><\/p>\n<h3>Steuerberatung f\u00fcr Unternehmen und Privatpersonen<\/h3>\n<p>Unsere Beratung umfasst die Erledigung laufender Steuerangelegenheiten wie auch die Steuerberatung \/ Steuergestaltung bei Unternehmen und Privatpersonen. Unsere Leistungen umfassen hierbei insbesondere:<\/p>\n<ul>\n<li>Erstellung von Jahresabschl\u00fcssen<\/li>\n<li>Betriebliche Steuererkl\u00e4rungen f\u00fcr in- und ausl\u00e4ndische Unternehmen jeder Rechtsform<\/li>\n<li>Private Steuererkl\u00e4rungen<\/li>\n<li>Gestaltungsberatung, z.B. im Bereich Erbschaftsteuerreduzierung<\/li>\n<li>Begleitung bei Betriebspr\u00fcfungen<\/li>\n<li>Vertretung vor Beh\u00f6rden und Gerichten<\/li>\n<\/ul>\n<h3>Lohn- und Finanzbuchhaltung<\/h3>\n<p>Wir \u00fcbernehmen f\u00fcr Sie die erforderlichen Meldungen und Abrechnungen. Alle gesetzlich erforderlichen Nachweise werden an die zust\u00e4ndigen Stellen \u00fcbertragen. Sie erhalten monatlich aussagef\u00e4hige Auswertungen und Reportings, auf Wunsch auch in englischer Sprache. Lohnsteuer- und Sozialversicherungspr\u00fcfungen werden von uns professionell begleitet.<\/p>\n<h3>Kooperationspartner: Steuerberater Markus Baldauf<\/h3>\n<p>In diesem Bereich arbeiten wir eng mit unserem <a href=\"http:\/\/www.stb-baldauf.de\" target=\"_blank\">Kooperationspartner Herrn Steuerberater Markus Baldauf<\/a> zusammen, der seit \u00fcber 10 Jahre in selbst\u00e4ndiger Kanzlei erfolgreich t\u00e4tig ist.<\/p>\n","protected":false},"excerpt":{"rendered":"<p>Unser Ziel ist Steuerberatung als Instrument zum wirtschaftlichen Erfolg unserer Mandanten einzusetzen. Qualifiziertes Fachpersonal unterst\u00fctzt Sie zudem bei laufenden Steuerthemen und \u00fcbernimmt Buchhaltungen sowie Gehaltsabrechnungen.<\/p>\n","protected":false},"author":1,"featured_media":1255,"parent":16,"menu_order":1,"comment_status":"open","ping_status":"closed","template":"","meta":[],"acf":[],"yoast_head":"<!-- This site is optimized with the Yoast SEO plugin v15.4 - https:\/\/yoast.com\/wordpress\/plugins\/seo\/ -->\n<meta name=\"robots\" content=\"index, follow, max-snippet:-1, max-image-preview:large, max-video-preview:-1\" \/>\n<link rel=\"canonical\" href=\"https:\/\/mhl-law.de\/de\/beratungsangebot\/steuerberatung-lohn-und-finanzbuchhaltung\/\" \/>\n<meta property=\"og:locale\" content=\"de_DE\" \/>\n<meta property=\"og:type\" content=\"article\" \/>\n<meta property=\"og:title\" content=\"Steuerliche Leistungen - MHL-Law Rechtsanwaltsgesellschaft mbh\" \/>\n<meta property=\"og:description\" content=\"Unser Ziel ist Steuerberatung als Instrument zum wirtschaftlichen Erfolg unserer Mandanten einzusetzen. Qualifiziertes Fachpersonal unterst\u00fctzt Sie zudem bei laufenden Steuerthemen und \u00fcbernimmt Buchhaltungen sowie Gehaltsabrechnungen.\" \/>\n<meta property=\"og:url\" content=\"https:\/\/mhl-law.de\/de\/beratungsangebot\/steuerberatung-lohn-und-finanzbuchhaltung\/\" \/>\n<meta property=\"og:site_name\" content=\"MHL-Law Rechtsanwaltsgesellschaft mbh\" \/>\n<meta property=\"article:modified_time\" content=\"2018-03-28T10:16:43+00:00\" \/>\n<meta property=\"og:image\" content=\"https:\/\/mhl-law.de\/wp-content\/uploads\/2018\/03\/tax-consulting.gif\" \/>\n\t<meta property=\"og:image:width\" content=\"300\" \/>\n\t<meta property=\"og:image:height\" content=\"213\" \/>\n<meta name=\"twitter:card\" content=\"summary\" \/>\n<meta name=\"twitter:label1\" content=\"Verfasst von\">\n\t<meta name=\"twitter:data1\" content=\"plasticity\">\n\t<meta name=\"twitter:label2\" content=\"Gesch\u00e4tzte Lesezeit\">\n\t<meta name=\"twitter:data2\" content=\"1 Minute\">\n<script type=\"application\/ld+json\" class=\"yoast-schema-graph\">{\"@context\":\"https:\/\/schema.org\",\"@graph\":[{\"@type\":\"WebSite\",\"@id\":\"https:\/\/mhl-law.de\/#website\",\"url\":\"https:\/\/mhl-law.de\/\",\"name\":\"MHL-Law Rechtsanwaltsgesellschaft mbh\",\"description\":\"Markus Hans Ludwig\",\"potentialAction\":[{\"@type\":\"SearchAction\",\"target\":\"https:\/\/mhl-law.de\/?s={search_term_string}\",\"query-input\":\"required name=search_term_string\"}],\"inLanguage\":\"de-DE\"},{\"@type\":\"ImageObject\",\"@id\":\"https:\/\/mhl-law.de\/de\/beratungsangebot\/steuerberatung-lohn-und-finanzbuchhaltung\/#primaryimage\",\"inLanguage\":\"de-DE\",\"url\":\"https:\/\/mhl-law.de\/wp-content\/uploads\/2018\/03\/tax-consulting.gif\",\"width\":300,\"height\":213},{\"@type\":\"WebPage\",\"@id\":\"https:\/\/mhl-law.de\/de\/beratungsangebot\/steuerberatung-lohn-und-finanzbuchhaltung\/#webpage\",\"url\":\"https:\/\/mhl-law.de\/de\/beratungsangebot\/steuerberatung-lohn-und-finanzbuchhaltung\/\",\"name\":\"Steuerliche Leistungen - MHL-Law Rechtsanwaltsgesellschaft mbh\",\"isPartOf\":{\"@id\":\"https:\/\/mhl-law.de\/#website\"},\"primaryImageOfPage\":{\"@id\":\"https:\/\/mhl-law.de\/de\/beratungsangebot\/steuerberatung-lohn-und-finanzbuchhaltung\/#primaryimage\"},\"datePublished\":\"2011-06-20T17:55:25+00:00\",\"dateModified\":\"2018-03-28T10:16:43+00:00\",\"inLanguage\":\"de-DE\",\"potentialAction\":[{\"@type\":\"ReadAction\",\"target\":[\"https:\/\/mhl-law.de\/de\/beratungsangebot\/steuerberatung-lohn-und-finanzbuchhaltung\/\"]}]}]}<\/script>\n<!-- \/ Yoast SEO plugin. -->","_links":{"self":[{"href":"https:\/\/mhl-law.de\/de\/wp-json\/wp\/v2\/pages\/32"}],"collection":[{"href":"https:\/\/mhl-law.de\/de\/wp-json\/wp\/v2\/pages"}],"about":[{"href":"https:\/\/mhl-law.de\/de\/wp-json\/wp\/v2\/types\/page"}],"author":[{"embeddable":true,"href":"https:\/\/mhl-law.de\/de\/wp-json\/wp\/v2\/users\/1"}],"replies":[{"embeddable":true,"href":"https:\/\/mhl-law.de\/de\/wp-json\/wp\/v2\/comments?post=32"}],"version-history":[{"count":3,"href":"https:\/\/mhl-law.de\/de\/wp-json\/wp\/v2\/pages\/32\/revisions"}],"predecessor-version":[{"id":1053,"href":"https:\/\/mhl-law.de\/de\/wp-json\/wp\/v2\/pages\/32\/revisions\/1053"}],"up":[{"embeddable":true,"href":"https:\/\/mhl-law.de\/de\/wp-json\/wp\/v2\/pages\/16"}],"wp:featuredmedia":[{"embeddable":true,"href":"https:\/\/mhl-law.de\/de\/wp-json\/wp\/v2\/media\/1255"}],"wp:attachment":[{"href":"https:\/\/mhl-law.de\/de\/wp-json\/wp\/v2\/media?parent=32"}],"curies":[{"name":"wp","href":"https:\/\/api.w.org\/{rel}","templated":true}]}}