{"id":42,"date":"2011-06-20T17:56:40","date_gmt":"2011-06-20T17:56:40","guid":{"rendered":"http:\/\/www.mhl-law.de\/?page_id=42"},"modified":"2018-03-28T11:22:02","modified_gmt":"2018-03-28T10:22:02","slug":"irische-unternehmen","status":"publish","type":"page","link":"https:\/\/mhl-law.de\/de\/irlandgeschaft\/irische-unternehmen\/","title":{"rendered":"Irische Unternehmen in Deutschland"},"content":{"rendered":"<p>Irische Unternehmen, die in Deutschland Gesch\u00e4fte machen wollen, sehen sich mit zahlreichen Rechts- und Steuerthemen konfrontiert. MHL-Law bietet kompetente und unb\u00fcrokratische Unterst\u00fctzung in diesem Bereich, egal ob es um eine Firmengr\u00fcndung, vertragsrechtliche Angelegenheiten oder um steuerliche Themen geht. Die \u00dcbernahme von Lohn- und Finanzbuchhaltungen sowie ggf. die Vermittlung eines Firmensitzes runden den Service ab. <!--more--><\/p>\n<p>Einen Schwerpunkt bildet derzeit die Bauindustrie sowie Dienstleistungsunternehmen, die von der guten Konjunktur in Deutschland profitieren wollen und \/ oder die zentrale Lage Deutschlands in Europa nutzen, um ihr Osteuropagesch\u00e4ft aufzubauen. Unsere Mitarbeiter betreuen ausl\u00e4ndische Unternehmen (darunter auch Unternehmen aus UK, Schottland, USA, Australien) deutschlandweit, mit dem Vorteil, dass wir auch das irische sowie das anglo-amerikanische Rechtssystem jedenfalls in Grundz\u00fcgen verstehen.<\/p>\n<p>Gerne wird M\u00fcnchen auch als Unternehmensstandort gew\u00e4hlt, nicht zuletzt wegen seiner guten Infrastruktur, der N\u00e4he zu den Alpen und der weltoffenen bayerischen Lebensart.<\/p>\n<p><em>Im Bild rechts (v.l.n.r.): Michael Collins, Irischer Botschafter f\u00fcr Deutschland; Markus Ludwig, MHL-Law; Enda Kenny, Ministerpr\u00e4sident von Irland; Julie Sinnamon, CEO von Enterprise Ireland.<br \/>\n<\/em><\/p>\n","protected":false},"excerpt":{"rendered":"<p>Irische Unternehmen, die in Deutschland Gesch\u00e4fte machen wollen, sehen sich mit zahlreichen Rechts- und Steuerthemen konfrontiert. MHL-Law bietet kompetente und unb\u00fcrokratische Unterst\u00fctzung in diesem Bereich, egal ob es um eine Firmengr\u00fcndung, vertragsrechtliche Angelegenheiten oder um steuerliche Themen geht. Die \u00dcbernahme von Lohn- und Finanzbuchhaltungen sowie ggf. die Vermittlung eines Firmensitzes&#8230;<\/p>\n","protected":false},"author":1,"featured_media":731,"parent":40,"menu_order":0,"comment_status":"open","ping_status":"closed","template":"","meta":[],"acf":[],"yoast_head":"<!-- This site is optimized with the Yoast SEO plugin v15.4 - https:\/\/yoast.com\/wordpress\/plugins\/seo\/ -->\n<meta name=\"robots\" content=\"index, follow, max-snippet:-1, max-image-preview:large, max-video-preview:-1\" \/>\n<link rel=\"canonical\" href=\"https:\/\/mhl-law.de\/de\/irlandgeschaft\/irische-unternehmen\/\" \/>\n<meta property=\"og:locale\" content=\"de_DE\" \/>\n<meta property=\"og:type\" content=\"article\" \/>\n<meta property=\"og:title\" content=\"Irische Unternehmen in Deutschland - MHL-Law Rechtsanwaltsgesellschaft mbh\" \/>\n<meta property=\"og:description\" content=\"Irische Unternehmen, die in Deutschland Gesch\u00e4fte machen wollen, sehen sich mit zahlreichen Rechts- und Steuerthemen konfrontiert. MHL-Law bietet kompetente und unb\u00fcrokratische Unterst\u00fctzung in diesem Bereich, egal ob es um eine Firmengr\u00fcndung, vertragsrechtliche Angelegenheiten oder um steuerliche Themen geht. Die \u00dcbernahme von Lohn- und Finanzbuchhaltungen sowie ggf. die Vermittlung eines Firmensitzes...\" \/>\n<meta property=\"og:url\" content=\"https:\/\/mhl-law.de\/de\/irlandgeschaft\/irische-unternehmen\/\" \/>\n<meta property=\"og:site_name\" content=\"MHL-Law Rechtsanwaltsgesellschaft mbh\" \/>\n<meta property=\"article:modified_time\" content=\"2018-03-28T10:22:02+00:00\" \/>\n<meta property=\"og:image\" content=\"https:\/\/mhl-law.de\/wp-content\/uploads\/2011\/06\/irish-business-photo.png\" \/>\n\t<meta property=\"og:image:width\" content=\"308\" \/>\n\t<meta property=\"og:image:height\" content=\"170\" \/>\n<meta name=\"twitter:card\" content=\"summary\" \/>\n<meta name=\"twitter:label1\" content=\"Verfasst von\">\n\t<meta name=\"twitter:data1\" content=\"plasticity\">\n\t<meta name=\"twitter:label2\" content=\"Gesch\u00e4tzte Lesezeit\">\n\t<meta name=\"twitter:data2\" content=\"1 Minute\">\n<script type=\"application\/ld+json\" class=\"yoast-schema-graph\">{\"@context\":\"https:\/\/schema.org\",\"@graph\":[{\"@type\":\"WebSite\",\"@id\":\"https:\/\/mhl-law.de\/#website\",\"url\":\"https:\/\/mhl-law.de\/\",\"name\":\"MHL-Law Rechtsanwaltsgesellschaft mbh\",\"description\":\"Markus Hans Ludwig\",\"potentialAction\":[{\"@type\":\"SearchAction\",\"target\":\"https:\/\/mhl-law.de\/?s={search_term_string}\",\"query-input\":\"required name=search_term_string\"}],\"inLanguage\":\"de-DE\"},{\"@type\":\"ImageObject\",\"@id\":\"https:\/\/mhl-law.de\/de\/irlandgeschaft\/irische-unternehmen\/#primaryimage\",\"inLanguage\":\"de-DE\",\"url\":\"https:\/\/mhl-law.de\/wp-content\/uploads\/2011\/06\/irish-business-photo.png\",\"width\":308,\"height\":170},{\"@type\":\"WebPage\",\"@id\":\"https:\/\/mhl-law.de\/de\/irlandgeschaft\/irische-unternehmen\/#webpage\",\"url\":\"https:\/\/mhl-law.de\/de\/irlandgeschaft\/irische-unternehmen\/\",\"name\":\"Irische Unternehmen in Deutschland - MHL-Law Rechtsanwaltsgesellschaft mbh\",\"isPartOf\":{\"@id\":\"https:\/\/mhl-law.de\/#website\"},\"primaryImageOfPage\":{\"@id\":\"https:\/\/mhl-law.de\/de\/irlandgeschaft\/irische-unternehmen\/#primaryimage\"},\"datePublished\":\"2011-06-20T17:56:40+00:00\",\"dateModified\":\"2018-03-28T10:22:02+00:00\",\"inLanguage\":\"de-DE\",\"potentialAction\":[{\"@type\":\"ReadAction\",\"target\":[\"https:\/\/mhl-law.de\/de\/irlandgeschaft\/irische-unternehmen\/\"]}]}]}<\/script>\n<!-- \/ Yoast SEO plugin. -->","_links":{"self":[{"href":"https:\/\/mhl-law.de\/de\/wp-json\/wp\/v2\/pages\/42"}],"collection":[{"href":"https:\/\/mhl-law.de\/de\/wp-json\/wp\/v2\/pages"}],"about":[{"href":"https:\/\/mhl-law.de\/de\/wp-json\/wp\/v2\/types\/page"}],"author":[{"embeddable":true,"href":"https:\/\/mhl-law.de\/de\/wp-json\/wp\/v2\/users\/1"}],"replies":[{"embeddable":true,"href":"https:\/\/mhl-law.de\/de\/wp-json\/wp\/v2\/comments?post=42"}],"version-history":[{"count":5,"href":"https:\/\/mhl-law.de\/de\/wp-json\/wp\/v2\/pages\/42\/revisions"}],"predecessor-version":[{"id":1260,"href":"https:\/\/mhl-law.de\/de\/wp-json\/wp\/v2\/pages\/42\/revisions\/1260"}],"up":[{"embeddable":true,"href":"https:\/\/mhl-law.de\/de\/wp-json\/wp\/v2\/pages\/40"}],"wp:featuredmedia":[{"embeddable":true,"href":"https:\/\/mhl-law.de\/de\/wp-json\/wp\/v2\/media\/731"}],"wp:attachment":[{"href":"https:\/\/mhl-law.de\/de\/wp-json\/wp\/v2\/media?parent=42"}],"curies":[{"name":"wp","href":"https:\/\/api.w.org\/{rel}","templated":true}]}}