{"id":44,"date":"2011-06-20T17:56:54","date_gmt":"2011-06-20T17:56:54","guid":{"rendered":"http:\/\/www.mhl-law.de\/?page_id=44"},"modified":"2015-12-21T12:30:32","modified_gmt":"2015-12-21T12:30:32","slug":"rechts-und-steuerberatung-fur-privatpersonen","status":"publish","type":"page","link":"https:\/\/mhl-law.de\/de\/irlandgeschaft\/rechts-und-steuerberatung-fur-privatpersonen\/","title":{"rendered":"Rechts- und Steuerberatung f\u00fcr Privatpersonen"},"content":{"rendered":"<p>Im Privatkundenbereich ergeben sich h\u00e4ufig Fragen der zutreffenden steuerlichen Behandlung ausl\u00e4ndischer Eink\u00fcnfte (z.B. bei Erwerb, Vermietung oder Ver\u00e4u\u00dferung von Auslandsimmobilien oder bei einer Entsendung von Mitarbeitern ins Ausland). Auch gilt es, eine m\u00f6glicherweise drohende Doppelbesteuerung zu vermeiden, wenn z.B. ein in Deutschland lebender Verwandter Verm\u00f6gen in Irland erbt. <!--more--><\/p>\n<p>Die Beratung bez\u00fcglich der formg\u00fcltigen Errichtung, Ausgestaltung und Anerkennung ausl\u00e4ndischer Testamente und anderer Urkunden geh\u00f6rt ebenso zu diesem Bereich wie die Beratung bez\u00fcglich der steuerlichen Folgen bei einem geplanten Wegzug ins Ausland. Je nach den Anforderungen des Einzelfalls k\u00f6nnen wir hierbei, in Abstimmung mit dem Mandanten, auch auf unser gutes Netzwerk an Beratern und anderen Gesch\u00e4ftspartnern in Irland zur\u00fcckgreifen. So k\u00f6nnen wir Ihnen z.B. auch Unterst\u00fctzung anbieten bei einem geplanten Immobilienerwerb oder einer Ver\u00e4u\u00dferung von Immobilien in Irland, oder bei einem drohenden Rechtsstreit.<\/p>\n","protected":false},"excerpt":{"rendered":"<p>Im Privatkundenbereich ergeben sich h\u00e4ufig Fragen der zutreffenden steuerlichen Behandlung ausl\u00e4ndischer Eink\u00fcnfte (z.B. bei Erwerb, Vermietung oder Ver\u00e4u\u00dferung von Auslandsimmobilien oder bei einer Entsendung von Mitarbeitern ins Ausland). Auch gilt es, eine m\u00f6glicherweise drohende Doppelbesteuerung zu vermeiden, wenn z.B. ein in Deutschland lebender Verwandter Verm\u00f6gen in Irland erbt.<\/p>\n","protected":false},"author":1,"featured_media":180,"parent":40,"menu_order":1,"comment_status":"open","ping_status":"closed","template":"","meta":[],"acf":[],"yoast_head":"<!-- This site is optimized with the Yoast SEO plugin v15.4 - https:\/\/yoast.com\/wordpress\/plugins\/seo\/ -->\n<meta name=\"robots\" content=\"index, follow, max-snippet:-1, max-image-preview:large, max-video-preview:-1\" \/>\n<link rel=\"canonical\" href=\"https:\/\/mhl-law.de\/de\/irlandgeschaft\/rechts-und-steuerberatung-fur-privatpersonen\/\" \/>\n<meta property=\"og:locale\" content=\"de_DE\" \/>\n<meta property=\"og:type\" content=\"article\" \/>\n<meta property=\"og:title\" content=\"Rechts- und Steuerberatung f\u00fcr Privatpersonen - MHL-Law Rechtsanwaltsgesellschaft mbh\" \/>\n<meta property=\"og:description\" content=\"Im Privatkundenbereich ergeben sich h\u00e4ufig Fragen der zutreffenden steuerlichen Behandlung ausl\u00e4ndischer Eink\u00fcnfte (z.B. bei Erwerb, Vermietung oder Ver\u00e4u\u00dferung von Auslandsimmobilien oder bei einer Entsendung von Mitarbeitern ins Ausland). Auch gilt es, eine m\u00f6glicherweise drohende Doppelbesteuerung zu vermeiden, wenn z.B. ein in Deutschland lebender Verwandter Verm\u00f6gen in Irland erbt.\" \/>\n<meta property=\"og:url\" content=\"https:\/\/mhl-law.de\/de\/irlandgeschaft\/rechts-und-steuerberatung-fur-privatpersonen\/\" \/>\n<meta property=\"og:site_name\" content=\"MHL-Law Rechtsanwaltsgesellschaft mbh\" \/>\n<meta property=\"article:modified_time\" content=\"2015-12-21T12:30:32+00:00\" \/>\n<meta property=\"og:image\" content=\"https:\/\/mhl-law.de\/wp-content\/uploads\/2011\/06\/private-client-matters2.png\" \/>\n\t<meta property=\"og:image:width\" content=\"308\" \/>\n\t<meta property=\"og:image:height\" content=\"170\" \/>\n<meta name=\"twitter:card\" content=\"summary\" \/>\n<meta name=\"twitter:label1\" content=\"Verfasst von\">\n\t<meta name=\"twitter:data1\" content=\"plasticity\">\n\t<meta name=\"twitter:label2\" content=\"Gesch\u00e4tzte Lesezeit\">\n\t<meta name=\"twitter:data2\" content=\"1 Minute\">\n<script type=\"application\/ld+json\" class=\"yoast-schema-graph\">{\"@context\":\"https:\/\/schema.org\",\"@graph\":[{\"@type\":\"WebSite\",\"@id\":\"https:\/\/mhl-law.de\/#website\",\"url\":\"https:\/\/mhl-law.de\/\",\"name\":\"MHL-Law Rechtsanwaltsgesellschaft mbh\",\"description\":\"Markus Hans Ludwig\",\"potentialAction\":[{\"@type\":\"SearchAction\",\"target\":\"https:\/\/mhl-law.de\/?s={search_term_string}\",\"query-input\":\"required name=search_term_string\"}],\"inLanguage\":\"de-DE\"},{\"@type\":\"ImageObject\",\"@id\":\"https:\/\/mhl-law.de\/de\/irlandgeschaft\/rechts-und-steuerberatung-fur-privatpersonen\/#primaryimage\",\"inLanguage\":\"de-DE\",\"url\":\"https:\/\/mhl-law.de\/wp-content\/uploads\/2011\/06\/private-client-matters2.png\",\"width\":308,\"height\":170},{\"@type\":\"WebPage\",\"@id\":\"https:\/\/mhl-law.de\/de\/irlandgeschaft\/rechts-und-steuerberatung-fur-privatpersonen\/#webpage\",\"url\":\"https:\/\/mhl-law.de\/de\/irlandgeschaft\/rechts-und-steuerberatung-fur-privatpersonen\/\",\"name\":\"Rechts- und Steuerberatung f\\u00fcr Privatpersonen - MHL-Law Rechtsanwaltsgesellschaft mbh\",\"isPartOf\":{\"@id\":\"https:\/\/mhl-law.de\/#website\"},\"primaryImageOfPage\":{\"@id\":\"https:\/\/mhl-law.de\/de\/irlandgeschaft\/rechts-und-steuerberatung-fur-privatpersonen\/#primaryimage\"},\"datePublished\":\"2011-06-20T17:56:54+00:00\",\"dateModified\":\"2015-12-21T12:30:32+00:00\",\"inLanguage\":\"de-DE\",\"potentialAction\":[{\"@type\":\"ReadAction\",\"target\":[\"https:\/\/mhl-law.de\/de\/irlandgeschaft\/rechts-und-steuerberatung-fur-privatpersonen\/\"]}]}]}<\/script>\n<!-- \/ Yoast SEO plugin. -->","_links":{"self":[{"href":"https:\/\/mhl-law.de\/de\/wp-json\/wp\/v2\/pages\/44"}],"collection":[{"href":"https:\/\/mhl-law.de\/de\/wp-json\/wp\/v2\/pages"}],"about":[{"href":"https:\/\/mhl-law.de\/de\/wp-json\/wp\/v2\/types\/page"}],"author":[{"embeddable":true,"href":"https:\/\/mhl-law.de\/de\/wp-json\/wp\/v2\/users\/1"}],"replies":[{"embeddable":true,"href":"https:\/\/mhl-law.de\/de\/wp-json\/wp\/v2\/comments?post=44"}],"version-history":[{"count":2,"href":"https:\/\/mhl-law.de\/de\/wp-json\/wp\/v2\/pages\/44\/revisions"}],"predecessor-version":[{"id":600,"href":"https:\/\/mhl-law.de\/de\/wp-json\/wp\/v2\/pages\/44\/revisions\/600"}],"up":[{"embeddable":true,"href":"https:\/\/mhl-law.de\/de\/wp-json\/wp\/v2\/pages\/40"}],"wp:featuredmedia":[{"embeddable":true,"href":"https:\/\/mhl-law.de\/de\/wp-json\/wp\/v2\/media\/180"}],"wp:attachment":[{"href":"https:\/\/mhl-law.de\/de\/wp-json\/wp\/v2\/media?parent=44"}],"curies":[{"name":"wp","href":"https:\/\/api.w.org\/{rel}","templated":true}]}}