{"id":48,"date":"2015-01-01T17:57:35","date_gmt":"2015-01-01T17:57:35","guid":{"rendered":"http:\/\/www.mhl-law.de\/?page_id=48"},"modified":"2023-03-18T12:04:34","modified_gmt":"2023-03-18T11:04:34","slug":"kontakt","status":"publish","type":"page","link":"https:\/\/mhl-law.de\/de\/kontakt\/","title":{"rendered":"Kontakt"},"content":{"rendered":"<h3>MHL-Law Rechtsanwaltsgesellschaft mbh<\/h3>\n<h4>Hauptgesch\u00e4ftsstelle M\u00fcnchen<\/h4>\n<p>F\u00fcrstenrieder Stra\u00dfe 5<br \/>\nD-80687 M\u00fcnchen<br \/>\n+49 (0)89 \u2013 552 797 770 (Phone)<br \/>\n+49 (0)89 \u2013 552 797 780 (Fax)<\/p>\n<h4>Zweigstelle Memmingen<\/h4>\n<p>Waldhornstr. 20<br \/>\nD-87700 Memmingen<br \/>\n+49 (0)8331 \u2013 963 658 4 (Phone)<br \/>\n+49 (0)8331 \u2013 963 658 1 (Fax)<\/p>\n<p><a href=\"http:\/\/www.mhl-law.de\"><i class=\"fa fa-globe \" ><\/i> www.mhl-law.de<\/a><br \/>\n<a href=\"mailto:info@mhl-law.de\"><i class=\"fa fa-envelope \" ><\/i> info@mhl-law.de<\/a><br \/>\n<a href=\"https:\/\/twitter.com\/MHL_LAW\"><i class=\"fa fa-twitter \" ><\/i> twitter.com\/MHL_LAW<\/a><br \/>\n<a href=\"https:\/\/www.linkedin.com\/company\/mhl-law\/\"><i class=\"fa fa-linkedin \" ><\/i> www.linkedin.com\/company\/mhl-law\/<\/a><\/p>\n<p>Sitz: M\u00fcnchen<br \/>\nRegistergericht M\u00fcnchen, HRB 237132<br \/>\nGesch\u00e4ftsf\u00fchrer: Markus Hans Ludwig<br \/>\nUSt-ID-Nr: DE815731195<\/p>\n<h3>Parkplatz im Hof<\/h3>\n<p><i class=\"fa fa-car \" ><\/i> Zufahrt \u00fcber Anlieger- \/ Parallelstra\u00dfe zur F\u00fcrstenrieder Stra\u00dfe \u00a0stadtausw\u00e4rts kommend, kurz vor der Laimer Unterf\u00fchrung;\u00a0wenn Sie am Ziel kurz anrufen \u00f6ffnen wir die Hofschranke.<\/p>\n<h3>Mit dem Zug<\/h3>\n<p><i class=\"fa fa-train \" ><\/i> 2 Gehminuten vom S-Bahnhof Laim<br \/>\n<i class=\"fa fa-plane \" ><\/i> Vom Flughafen: Nehmen Sie die S 1 bis Laim<br \/>\n<i class=\"fa fa-bullseye \" ><\/i> Vom Stadtzentrum : Alle S-Bahnlinien au\u00dfer der S 7, Ausstieg in Laim<\/p>\n","protected":false},"excerpt":{"rendered":"<p>MHL-Law Rechtsanwaltsgesellschaft mbh Hauptgesch\u00e4ftsstelle M\u00fcnchen F\u00fcrstenrieder Stra\u00dfe 5 D-80687 M\u00fcnchen +49 (0)89 \u2013 552 797 770 (Phone) +49 (0)89 \u2013 552 797 780 (Fax) Zweigstelle Memmingen Waldhornstr. 20 D-87700 Memmingen +49 (0)8331 \u2013 963 658 4 (Phone) +49 (0)8331 \u2013 963 658 1 (Fax) www.mhl-law.de info@mhl-law.de twitter.com\/MHL_LAW www.linkedin.com\/company\/mhl-law\/ Sitz: M\u00fcnchen&#8230;<\/p>\n","protected":false},"author":1,"featured_media":355,"parent":0,"menu_order":4,"comment_status":"open","ping_status":"closed","template":"","meta":[],"acf":[],"yoast_head":"<!-- This site is optimized with the Yoast SEO plugin v15.4 - https:\/\/yoast.com\/wordpress\/plugins\/seo\/ -->\n<meta name=\"robots\" content=\"index, follow, max-snippet:-1, max-image-preview:large, max-video-preview:-1\" \/>\n<link rel=\"canonical\" href=\"https:\/\/mhl-law.de\/de\/kontakt\/\" \/>\n<meta property=\"og:locale\" content=\"de_DE\" \/>\n<meta property=\"og:type\" content=\"article\" \/>\n<meta property=\"og:title\" content=\"Kontakt - MHL-Law Rechtsanwaltsgesellschaft mbh\" \/>\n<meta property=\"og:description\" content=\"MHL-Law Rechtsanwaltsgesellschaft mbh Hauptgesch\u00e4ftsstelle M\u00fcnchen F\u00fcrstenrieder Stra\u00dfe 5 D-80687 M\u00fcnchen +49 (0)89 \u2013 552 797 770 (Phone) +49 (0)89 \u2013 552 797 780 (Fax) Zweigstelle Memmingen Waldhornstr. 20 D-87700 Memmingen +49 (0)8331 \u2013 963 658 4 (Phone) +49 (0)8331 \u2013 963 658 1 (Fax) www.mhl-law.de info@mhl-law.de twitter.com\/MHL_LAW www.linkedin.com\/company\/mhl-law\/ Sitz: M\u00fcnchen...\" \/>\n<meta property=\"og:url\" content=\"https:\/\/mhl-law.de\/de\/kontakt\/\" \/>\n<meta property=\"og:site_name\" content=\"MHL-Law Rechtsanwaltsgesellschaft mbh\" \/>\n<meta property=\"article:modified_time\" content=\"2023-03-18T11:04:34+00:00\" \/>\n<meta property=\"og:image\" content=\"https:\/\/mhl-law.de\/wp-content\/uploads\/2011\/06\/contact-map2.png\" \/>\n\t<meta property=\"og:image:width\" content=\"308\" \/>\n\t<meta property=\"og:image:height\" content=\"638\" \/>\n<meta name=\"twitter:card\" content=\"summary\" \/>\n<meta name=\"twitter:label1\" content=\"Verfasst von\">\n\t<meta name=\"twitter:data1\" content=\"plasticity\">\n\t<meta name=\"twitter:label2\" content=\"Gesch\u00e4tzte Lesezeit\">\n\t<meta name=\"twitter:data2\" content=\"1 Minute\">\n<script type=\"application\/ld+json\" class=\"yoast-schema-graph\">{\"@context\":\"https:\/\/schema.org\",\"@graph\":[{\"@type\":\"WebSite\",\"@id\":\"https:\/\/mhl-law.de\/#website\",\"url\":\"https:\/\/mhl-law.de\/\",\"name\":\"MHL-Law Rechtsanwaltsgesellschaft mbh\",\"description\":\"Markus Hans Ludwig\",\"potentialAction\":[{\"@type\":\"SearchAction\",\"target\":\"https:\/\/mhl-law.de\/?s={search_term_string}\",\"query-input\":\"required name=search_term_string\"}],\"inLanguage\":\"de-DE\"},{\"@type\":\"ImageObject\",\"@id\":\"https:\/\/mhl-law.de\/de\/kontakt\/#primaryimage\",\"inLanguage\":\"de-DE\",\"url\":\"https:\/\/mhl-law.de\/wp-content\/uploads\/2011\/06\/contact-map2.png\",\"width\":308,\"height\":638},{\"@type\":\"WebPage\",\"@id\":\"https:\/\/mhl-law.de\/de\/kontakt\/#webpage\",\"url\":\"https:\/\/mhl-law.de\/de\/kontakt\/\",\"name\":\"Kontakt - MHL-Law Rechtsanwaltsgesellschaft mbh\",\"isPartOf\":{\"@id\":\"https:\/\/mhl-law.de\/#website\"},\"primaryImageOfPage\":{\"@id\":\"https:\/\/mhl-law.de\/de\/kontakt\/#primaryimage\"},\"datePublished\":\"2015-01-01T17:57:35+00:00\",\"dateModified\":\"2023-03-18T11:04:34+00:00\",\"inLanguage\":\"de-DE\",\"potentialAction\":[{\"@type\":\"ReadAction\",\"target\":[\"https:\/\/mhl-law.de\/de\/kontakt\/\"]}]}]}<\/script>\n<!-- \/ Yoast SEO plugin. -->","_links":{"self":[{"href":"https:\/\/mhl-law.de\/de\/wp-json\/wp\/v2\/pages\/48"}],"collection":[{"href":"https:\/\/mhl-law.de\/de\/wp-json\/wp\/v2\/pages"}],"about":[{"href":"https:\/\/mhl-law.de\/de\/wp-json\/wp\/v2\/types\/page"}],"author":[{"embeddable":true,"href":"https:\/\/mhl-law.de\/de\/wp-json\/wp\/v2\/users\/1"}],"replies":[{"embeddable":true,"href":"https:\/\/mhl-law.de\/de\/wp-json\/wp\/v2\/comments?post=48"}],"version-history":[{"count":10,"href":"https:\/\/mhl-law.de\/de\/wp-json\/wp\/v2\/pages\/48\/revisions"}],"predecessor-version":[{"id":1485,"href":"https:\/\/mhl-law.de\/de\/wp-json\/wp\/v2\/pages\/48\/revisions\/1485"}],"wp:featuredmedia":[{"embeddable":true,"href":"https:\/\/mhl-law.de\/de\/wp-json\/wp\/v2\/media\/355"}],"wp:attachment":[{"href":"https:\/\/mhl-law.de\/de\/wp-json\/wp\/v2\/media?parent=48"}],"curies":[{"name":"wp","href":"https:\/\/api.w.org\/{rel}","templated":true}]}}