{"id":50,"date":"2011-06-20T17:57:51","date_gmt":"2011-06-20T17:57:51","guid":{"rendered":"http:\/\/www.mhl-law.de\/?page_id=50"},"modified":"2019-07-01T21:09:04","modified_gmt":"2019-07-01T20:09:04","slug":"impressum","status":"publish","type":"page","link":"https:\/\/mhl-law.de\/de\/impressum\/","title":{"rendered":"Impressum"},"content":{"rendered":"<h3>PUBLISHER \/ KONTAKT<\/h3>\n<p>MHL-Law Rechtsanwaltsgesellschaft mbh<br \/>\nF\u00fcrstenrieder Stra\u00dfe 5<br \/>\nD-80687 M\u00fcnchen<\/p>\n<p>Sitz: M\u00fcnchen<br \/>\nRegistergericht M\u00fcnchen, HRB 237132<br \/>\nGesch\u00e4ftsf\u00fchrer: Markus Hans Ludwig<br \/>\nUSt-ID-Nr: DE815731195<\/p>\n<p>+49 (0)89 \u2013 552 797 770 (Phone)<br \/>\n+49 (0)89 \u2013 552 797 780 (Fax)<br \/>\n<a href=\"\/\">www.mhl-law.de<\/a> (Internet)<br \/>\n<a href=\"mailto:info@mhl-law.de\">info@mhl-law.de<\/a> (Email)<\/p>\n<h3>ZULASSUNG \/ AUFSICHTSBEH\u00d6RDEN<\/h3>\n<p>Herr Markus Ludwig ist als Rechtsanwalt in der Bundesrepublik Deutschland zugelassen und Mitglied der Rechtsanwaltskammer M\u00fcnchen, Tal 33, 80331 M\u00fcnchen. Soweit nichts anderes vermerkt ist, gilt dies auch f\u00fcr alle anderen bei der Kanzlei besch\u00e4ftigten Rechtsanw\u00e4lte, die der Rechtsanwaltskammer M\u00fcnchen, Tal 33, 80331 M\u00fcnchen, angeh\u00f6ren.<\/p>\n<p>Au\u00dferdem ist Herr Markus Ludwig in der Republik Irland zugelassen und \u00fcbt seine T\u00e4tigkeit als irischer Solicitor aus. Die Aufsichtsbeh\u00f6rde in Irland ist: The Law Society of Ireland, Blackhall Place, Dublin 7. Frau Laura Keogh ist in der Republik Irland als Barrister-at-Law zugelassen. Die Aufsichtsbeh\u00f6rde f\u00fcr Barristers in Irland ist: Die ehrenwerte Gesellschaft der King&#8217;s Inns, Henrietta St, Dublin 1.<\/p>\n<h3>BERUFSHAFTPFLICHTVERSICHERUNG<\/h3>\n<p>Eine Berufshaftpflichtversicherung besteht bei HDI-Gerling Firmen und Privatversichern. AG, D\u00fcrrenhofstr. 4-6, 90402 N\u00fcrnberg<\/p>\n<p>Der geografische Geltungsbereich der Versicherung umfasst T\u00e4tigkeiten in den Mitgliedstaaten der Europ\u00e4ischen Union. Sie erf\u00fcllt oder \u00fcbertrifft die Anforderungen des \u00a7 51 der Bundesrechtsanwaltsordnung (BRAO).<\/p>\n<h3>Berufsrecht<\/h3>\n<p>Zu den einschl\u00e4gigen berufsrechtlichen Regelungen f\u00fcr Rechtsanw\u00e4lte in Deutschland z\u00e4hlen die Bundesrechtsanwaltsordnung (BRAO), die Berufsordnung, die Fachanwaltsordnung, das Anwaltsgeb\u00fchrengesetz (Rechtsanwaltsverg\u00fctungsgesetz (RVG) und der Verhaltenskodex f\u00fcr europ\u00e4ische Rechtsanw\u00e4lte. Sie finden sie unter www.brak.de in der Rubrik &#8222;Berufsrecht&#8220;.<\/p>\n<ul>\n<li>Bundesrechtsanwaltsordnung &#8211; BRAO<\/li>\n<li>Berufsordnung f\u00fcr Rechtsanw\u00e4lte &#8211; BORA<\/li>\n<li>Fachanwaltsordnung<\/li>\n<li>RVG Rechtsanwaltsverg\u00fctungsgesetz<\/li>\n<li>Berufsregeln der Rechtsanw\u00e4lte der Europ\u00e4ischen Gemeinschaft \u2013 CCBE<\/li>\n<li>Gesetz\u00fcber die T\u00e4tigkeit europ\u00e4ischer Rechtsanw\u00e4lte in Deutschland \u2013 EuRAG) v. 9.3.2000 (BGBI I S.182<\/li>\n<\/ul>\n<p>Die berufsrechtlichen Regelungen f\u00fcr irische Anw\u00e4lte finden sich haupts\u00e4chlich im Legal Services Regulation Act 2015. Diese und andere berufsrechtlichen Bestimmungen finden Sie unter: <a href=\"http:\/\/www.lawsociety.ie\/lsra-professional-codes\/\" rel=\"noopener\" target=\"_blank\">http:\/\/www.lawsociety.ie\/lsra-professional-codes\/<\/a><\/p>\n<p>Bitte beachten Sie: Alle Leistungen werden in der Regel vom Kanzleisitz in M\u00fcnchen erbracht (Erf\u00fcllungsort). Soweit nicht schriftlich etwas anderes vereinbart ist, gilt f\u00fcr das Mandatsverh\u00e4ltnis ausschlie\u00dflich deutsches Recht (einschlie\u00dflich deutsches Berufsrecht).<\/p>\n<h3>STARTSEITE DESIGN<\/h3>\n<p>Amanda Kronschnabl, Plasticity Design<br \/>\n<a href=\"http:\/\/www.plasticitydesign.com\" target=\"_blank\" rel=\"noopener\">www.plasticitydesign.com <\/a><\/p>\n","protected":false},"excerpt":{"rendered":"<p>PUBLISHER \/ KONTAKT MHL-Law Rechtsanwaltsgesellschaft mbh F\u00fcrstenrieder Stra\u00dfe 5 D-80687 M\u00fcnchen Sitz: M\u00fcnchen Registergericht M\u00fcnchen, HRB 237132 Gesch\u00e4ftsf\u00fchrer: Markus Hans Ludwig USt-ID-Nr: DE815731195 +49 (0)89 \u2013 552 797 770 (Phone) +49 (0)89 \u2013 552 797 780 (Fax) www.mhl-law.de (Internet) info@mhl-law.de (Email) ZULASSUNG \/ AUFSICHTSBEH\u00d6RDEN Herr Markus Ludwig ist als Rechtsanwalt&#8230;<\/p>\n","protected":false},"author":1,"featured_media":0,"parent":0,"menu_order":5,"comment_status":"open","ping_status":"closed","template":"","meta":[],"acf":[],"yoast_head":"<!-- This site is optimized with the Yoast SEO plugin v15.4 - https:\/\/yoast.com\/wordpress\/plugins\/seo\/ -->\n<meta name=\"robots\" content=\"index, follow, max-snippet:-1, max-image-preview:large, max-video-preview:-1\" \/>\n<link rel=\"canonical\" href=\"https:\/\/mhl-law.de\/de\/impressum\/\" \/>\n<meta property=\"og:locale\" content=\"de_DE\" \/>\n<meta property=\"og:type\" content=\"article\" \/>\n<meta property=\"og:title\" content=\"Impressum - MHL-Law Rechtsanwaltsgesellschaft mbh\" \/>\n<meta property=\"og:description\" content=\"PUBLISHER \/ KONTAKT MHL-Law Rechtsanwaltsgesellschaft mbh F\u00fcrstenrieder Stra\u00dfe 5 D-80687 M\u00fcnchen Sitz: M\u00fcnchen Registergericht M\u00fcnchen, HRB 237132 Gesch\u00e4ftsf\u00fchrer: Markus Hans Ludwig USt-ID-Nr: DE815731195 +49 (0)89 \u2013 552 797 770 (Phone) +49 (0)89 \u2013 552 797 780 (Fax) www.mhl-law.de (Internet) info@mhl-law.de (Email) ZULASSUNG \/ AUFSICHTSBEH\u00d6RDEN Herr Markus Ludwig ist als Rechtsanwalt...\" \/>\n<meta property=\"og:url\" content=\"https:\/\/mhl-law.de\/de\/impressum\/\" \/>\n<meta property=\"og:site_name\" content=\"MHL-Law Rechtsanwaltsgesellschaft mbh\" \/>\n<meta property=\"article:modified_time\" content=\"2019-07-01T20:09:04+00:00\" \/>\n<meta name=\"twitter:card\" content=\"summary\" \/>\n<meta name=\"twitter:label1\" content=\"Verfasst von\">\n\t<meta name=\"twitter:data1\" content=\"plasticity\">\n\t<meta name=\"twitter:label2\" content=\"Gesch\u00e4tzte Lesezeit\">\n\t<meta name=\"twitter:data2\" content=\"1 Minute\">\n<script type=\"application\/ld+json\" class=\"yoast-schema-graph\">{\"@context\":\"https:\/\/schema.org\",\"@graph\":[{\"@type\":\"WebSite\",\"@id\":\"https:\/\/mhl-law.de\/#website\",\"url\":\"https:\/\/mhl-law.de\/\",\"name\":\"MHL-Law Rechtsanwaltsgesellschaft mbh\",\"description\":\"Markus Hans Ludwig\",\"potentialAction\":[{\"@type\":\"SearchAction\",\"target\":\"https:\/\/mhl-law.de\/?s={search_term_string}\",\"query-input\":\"required name=search_term_string\"}],\"inLanguage\":\"de-DE\"},{\"@type\":\"WebPage\",\"@id\":\"https:\/\/mhl-law.de\/de\/impressum\/#webpage\",\"url\":\"https:\/\/mhl-law.de\/de\/impressum\/\",\"name\":\"Impressum - MHL-Law Rechtsanwaltsgesellschaft mbh\",\"isPartOf\":{\"@id\":\"https:\/\/mhl-law.de\/#website\"},\"datePublished\":\"2011-06-20T17:57:51+00:00\",\"dateModified\":\"2019-07-01T20:09:04+00:00\",\"inLanguage\":\"de-DE\",\"potentialAction\":[{\"@type\":\"ReadAction\",\"target\":[\"https:\/\/mhl-law.de\/de\/impressum\/\"]}]}]}<\/script>\n<!-- \/ Yoast SEO plugin. -->","_links":{"self":[{"href":"https:\/\/mhl-law.de\/de\/wp-json\/wp\/v2\/pages\/50"}],"collection":[{"href":"https:\/\/mhl-law.de\/de\/wp-json\/wp\/v2\/pages"}],"about":[{"href":"https:\/\/mhl-law.de\/de\/wp-json\/wp\/v2\/types\/page"}],"author":[{"embeddable":true,"href":"https:\/\/mhl-law.de\/de\/wp-json\/wp\/v2\/users\/1"}],"replies":[{"embeddable":true,"href":"https:\/\/mhl-law.de\/de\/wp-json\/wp\/v2\/comments?post=50"}],"version-history":[{"count":10,"href":"https:\/\/mhl-law.de\/de\/wp-json\/wp\/v2\/pages\/50\/revisions"}],"predecessor-version":[{"id":1356,"href":"https:\/\/mhl-law.de\/de\/wp-json\/wp\/v2\/pages\/50\/revisions\/1356"}],"wp:attachment":[{"href":"https:\/\/mhl-law.de\/de\/wp-json\/wp\/v2\/media?parent=50"}],"curies":[{"name":"wp","href":"https:\/\/api.w.org\/{rel}","templated":true}]}}