{"id":523,"date":"2015-01-20T17:36:41","date_gmt":"2015-01-20T17:36:41","guid":{"rendered":"http:\/\/www.mhl-law.de\/?page_id=4"},"modified":"2018-02-07T11:07:23","modified_gmt":"2018-02-07T10:07:23","slug":"die-kanzlei","status":"publish","type":"page","link":"https:\/\/mhl-law.de\/de\/die-kanzlei\/","title":{"rendered":"Die Kanzlei"},"content":{"rendered":"<p>MHL-Law wurde 2011 von Markus Hans Ludwig als Einzelkanzlei gegr\u00fcndet. Die Einzelkanzlei MHL-Law wurde dann mit Wirkung zum 1. Januar 2018 in die von Herrn Ludwig neu gegr\u00fcndete MHL-Law Rechtsanwaltsgesellschaft mbH mit <a href=\"https:\/\/mhl-law.de\/de\/die-kanzlei\/rechtsanwaelte\/markus-ludwig\/\">Markus Hans Ludwig als Gesch\u00e4ftsf\u00fchrer<\/a> eingebracht. Das MHL-Law-Team besteht aus deutschen und irischen Rechtsanw\u00e4lten, Steuerberatern und Steuerassistenten. Traditionell sind wir sehr eng mit Irland verbunden \u2013 und helfen gerne irischen Unternehmen in Deutschland, deutschen Unternehmen in Irland sowie Privatpersonen bei deutsch-irischen Themen. Dar\u00fcber hinaus beraten wir nat\u00fcrlich auch in rein deutschen Rechts- und Steuerangelegenheiten ohne Auslandsbezug. Gleiches gilt f\u00fcr die Beratung von Unternehmen und Privatpersonen aus anderen L\u00e4ndern in Bezug auf deutsche Steuer- und Rechtsthemen, gerne auch in Zusammenarbeit mit deren ausl\u00e4ndischen Beratern.<\/p>\n<p>Rechtliche und steuerliche Beratung sind untrennbar miteinander verbunden. In diesem Bereich bringen wir langj\u00e4hrige Erfahrung mit. Wir freuen uns darauf, Sie bei Ihren steuerlichen und rechtlichen Anforderungen zu unterst\u00fctzen. Wir unterst\u00fctzen unsere internationale Kundenbasis mit allem, was f\u00fcr den Aufbau und die Abwicklung von Gesch\u00e4ften in Deutschland ben\u00f6tigt wird. Hinzu kommt, dass immer mehr europ\u00e4ische Verordnungen einheitlich in ganz Europa gelten.<\/p>\n<p><a href=\"https:\/\/mhl-law.de\/de\/die-kanzlei\/rechtsanwaelte\/\">Erfahren Sie mehr \u00fcber unsere deutschen und irischen Anw\u00e4lte<\/a><br \/>\n<a href=\"https:\/\/mhl-law.de\/de\/die-kanzlei\/steuerberater\/\">Erfahren Sie mehr \u00fcber unsere Steuerspezialisten<\/a><br \/>\n<a href=\"https:\/\/mhl-law.de\/de\/beratungsangebot\/\">Erfahren Sie mehr \u00fcber unsere Praxisbereiche<\/a><br \/>\n<a href=\"https:\/\/mhl-law.de\/de\/irlandgeschaft\/\">Erfahren Sie mehr \u00fcber unsere deutsch-irischen Aktivit\u00e4ten<\/a><\/p>\n","protected":false},"excerpt":{"rendered":"<p>MHL-Law wurde 2011 von Markus Hans Ludwig als Einzelkanzlei gegr\u00fcndet. Die Einzelkanzlei MHL-Law wurde dann mit Wirkung zum 1. Januar 2018 in die von Herrn Ludwig neu gegr\u00fcndete MHL-Law Rechtsanwaltsgesellschaft mbH mit Markus Hans Ludwig als Gesch\u00e4ftsf\u00fchrer eingebracht. Das MHL-Law-Team besteht aus deutschen und irischen Rechtsanw\u00e4lten, Steuerberatern und Steuerassistenten. Traditionell&#8230;<\/p>\n","protected":false},"author":1,"featured_media":495,"parent":0,"menu_order":1,"comment_status":"open","ping_status":"closed","template":"page-general.php","meta":[],"acf":[],"yoast_head":"<!-- This site is optimized with the Yoast SEO plugin v15.4 - https:\/\/yoast.com\/wordpress\/plugins\/seo\/ -->\n<meta name=\"robots\" content=\"index, follow, max-snippet:-1, max-image-preview:large, max-video-preview:-1\" \/>\n<link rel=\"canonical\" href=\"https:\/\/mhl-law.de\/de\/die-kanzlei\/\" \/>\n<meta property=\"og:locale\" content=\"de_DE\" \/>\n<meta property=\"og:type\" content=\"article\" \/>\n<meta property=\"og:title\" content=\"Die Kanzlei - MHL-Law Rechtsanwaltsgesellschaft mbh\" \/>\n<meta property=\"og:description\" content=\"MHL-Law wurde 2011 von Markus Hans Ludwig als Einzelkanzlei gegr\u00fcndet. Die Einzelkanzlei MHL-Law wurde dann mit Wirkung zum 1. Januar 2018 in die von Herrn Ludwig neu gegr\u00fcndete MHL-Law Rechtsanwaltsgesellschaft mbH mit Markus Hans Ludwig als Gesch\u00e4ftsf\u00fchrer eingebracht. Das MHL-Law-Team besteht aus deutschen und irischen Rechtsanw\u00e4lten, Steuerberatern und Steuerassistenten. Traditionell...\" \/>\n<meta property=\"og:url\" content=\"https:\/\/mhl-law.de\/de\/die-kanzlei\/\" \/>\n<meta property=\"og:site_name\" content=\"MHL-Law Rechtsanwaltsgesellschaft mbh\" \/>\n<meta property=\"article:modified_time\" content=\"2018-02-07T10:07:23+00:00\" \/>\n<meta property=\"og:image\" content=\"https:\/\/mhl-law.de\/wp-content\/uploads\/2011\/06\/team032.png\" \/>\n\t<meta property=\"og:image:width\" content=\"308\" \/>\n\t<meta property=\"og:image:height\" content=\"170\" \/>\n<meta name=\"twitter:card\" content=\"summary\" \/>\n<meta name=\"twitter:label1\" content=\"Verfasst von\">\n\t<meta name=\"twitter:data1\" content=\"plasticity\">\n\t<meta name=\"twitter:label2\" content=\"Gesch\u00e4tzte Lesezeit\">\n\t<meta name=\"twitter:data2\" content=\"1 Minute\">\n<script type=\"application\/ld+json\" class=\"yoast-schema-graph\">{\"@context\":\"https:\/\/schema.org\",\"@graph\":[{\"@type\":\"WebSite\",\"@id\":\"https:\/\/mhl-law.de\/#website\",\"url\":\"https:\/\/mhl-law.de\/\",\"name\":\"MHL-Law Rechtsanwaltsgesellschaft mbh\",\"description\":\"Markus Hans Ludwig\",\"potentialAction\":[{\"@type\":\"SearchAction\",\"target\":\"https:\/\/mhl-law.de\/?s={search_term_string}\",\"query-input\":\"required name=search_term_string\"}],\"inLanguage\":\"de-DE\"},{\"@type\":\"ImageObject\",\"@id\":\"https:\/\/mhl-law.de\/de\/die-kanzlei\/#primaryimage\",\"inLanguage\":\"de-DE\",\"url\":\"https:\/\/mhl-law.de\/wp-content\/uploads\/2011\/06\/team032.png\",\"width\":308,\"height\":170},{\"@type\":\"WebPage\",\"@id\":\"https:\/\/mhl-law.de\/de\/die-kanzlei\/#webpage\",\"url\":\"https:\/\/mhl-law.de\/de\/die-kanzlei\/\",\"name\":\"Die Kanzlei - MHL-Law Rechtsanwaltsgesellschaft mbh\",\"isPartOf\":{\"@id\":\"https:\/\/mhl-law.de\/#website\"},\"primaryImageOfPage\":{\"@id\":\"https:\/\/mhl-law.de\/de\/die-kanzlei\/#primaryimage\"},\"datePublished\":\"2015-01-20T17:36:41+00:00\",\"dateModified\":\"2018-02-07T10:07:23+00:00\",\"inLanguage\":\"de-DE\",\"potentialAction\":[{\"@type\":\"ReadAction\",\"target\":[\"https:\/\/mhl-law.de\/de\/die-kanzlei\/\"]}]}]}<\/script>\n<!-- \/ Yoast SEO plugin. -->","_links":{"self":[{"href":"https:\/\/mhl-law.de\/de\/wp-json\/wp\/v2\/pages\/523"}],"collection":[{"href":"https:\/\/mhl-law.de\/de\/wp-json\/wp\/v2\/pages"}],"about":[{"href":"https:\/\/mhl-law.de\/de\/wp-json\/wp\/v2\/types\/page"}],"author":[{"embeddable":true,"href":"https:\/\/mhl-law.de\/de\/wp-json\/wp\/v2\/users\/1"}],"replies":[{"embeddable":true,"href":"https:\/\/mhl-law.de\/de\/wp-json\/wp\/v2\/comments?post=523"}],"version-history":[{"count":9,"href":"https:\/\/mhl-law.de\/de\/wp-json\/wp\/v2\/pages\/523\/revisions"}],"predecessor-version":[{"id":1060,"href":"https:\/\/mhl-law.de\/de\/wp-json\/wp\/v2\/pages\/523\/revisions\/1060"}],"wp:featuredmedia":[{"embeddable":true,"href":"https:\/\/mhl-law.de\/de\/wp-json\/wp\/v2\/media\/495"}],"wp:attachment":[{"href":"https:\/\/mhl-law.de\/de\/wp-json\/wp\/v2\/media?parent=523"}],"curies":[{"name":"wp","href":"https:\/\/api.w.org\/{rel}","templated":true}]}}