{"id":542,"date":"2014-05-26T10:35:50","date_gmt":"2014-05-26T08:35:50","guid":{"rendered":"http:\/\/www.mhl-law.de\/?page_id=542"},"modified":"2016-02-13T19:21:30","modified_gmt":"2016-02-13T19:21:30","slug":"mhl-support-services-ltd","status":"publish","type":"page","link":"https:\/\/mhl-law.de\/de\/irlandgeschaft\/mhl-support-services-ltd\/","title":{"rendered":"MHL Support Services Ltd. Ireland."},"content":{"rendered":"<p>Durch unsere irische Firma MHL Support Services Ltd, die ihren Sitz in Dublin hat, k\u00f6nnen wir deutsche Unternehmen bei ihren geplanten oder bereits bestehenden Gesch\u00e4ftsaktivit\u00e4ten in Irland unterst\u00fctzen. Gerne sind wir Ihnen dabei behilflich, Ihr Unternehmen zu gr\u00fcnden, Ihr Gesch\u00e4ft in Irland zu organisieren und Ihren Verpflichtungen nachzukommen.<\/p>\n<p><a href=\"http:\/\/www.mhl-services.ie\" target=\"_blank\">Lesen Sie weiter auf MHL Support Services<\/a><\/p>\n","protected":false},"excerpt":{"rendered":"<p>Durch unsere irische Firma MHL Support Services Ltd, die ihren Sitz in Dublin hat, k\u00f6nnen wir deutsche Unternehmen bei ihren geplanten oder bereits bestehenden Gesch\u00e4ftsaktivit\u00e4ten in Irland unterst\u00fctzen. Gerne sind wir Ihnen dabei behilflich, Ihr Unternehmen zu gr\u00fcnden, Ihr Gesch\u00e4ft in Irland zu organisieren und Ihren Verpflichtungen nachzukommen. Lesen Sie&#8230;<\/p>\n","protected":false},"author":1,"featured_media":0,"parent":40,"menu_order":11,"comment_status":"open","ping_status":"closed","template":"","meta":[],"acf":[],"yoast_head":"<!-- This site is optimized with the Yoast SEO plugin v15.4 - https:\/\/yoast.com\/wordpress\/plugins\/seo\/ -->\n<meta name=\"robots\" content=\"index, follow, max-snippet:-1, max-image-preview:large, max-video-preview:-1\" \/>\n<link rel=\"canonical\" href=\"https:\/\/mhl-law.de\/de\/irlandgeschaft\/mhl-support-services-ltd\/\" \/>\n<meta property=\"og:locale\" content=\"de_DE\" \/>\n<meta property=\"og:type\" content=\"article\" \/>\n<meta property=\"og:title\" content=\"MHL Support Services Ltd. Ireland. - MHL-Law Rechtsanwaltsgesellschaft mbh\" \/>\n<meta property=\"og:description\" content=\"Durch unsere irische Firma MHL Support Services Ltd, die ihren Sitz in Dublin hat, k\u00f6nnen wir deutsche Unternehmen bei ihren geplanten oder bereits bestehenden Gesch\u00e4ftsaktivit\u00e4ten in Irland unterst\u00fctzen. Gerne sind wir Ihnen dabei behilflich, Ihr Unternehmen zu gr\u00fcnden, Ihr Gesch\u00e4ft in Irland zu organisieren und Ihren Verpflichtungen nachzukommen. Lesen Sie...\" \/>\n<meta property=\"og:url\" content=\"https:\/\/mhl-law.de\/de\/irlandgeschaft\/mhl-support-services-ltd\/\" \/>\n<meta property=\"og:site_name\" content=\"MHL-Law Rechtsanwaltsgesellschaft mbh\" \/>\n<meta property=\"article:modified_time\" content=\"2016-02-13T19:21:30+00:00\" \/>\n<meta name=\"twitter:card\" content=\"summary\" \/>\n<meta name=\"twitter:label1\" content=\"Verfasst von\">\n\t<meta name=\"twitter:data1\" content=\"plasticity\">\n\t<meta name=\"twitter:label2\" content=\"Gesch\u00e4tzte Lesezeit\">\n\t<meta name=\"twitter:data2\" content=\"0 Minuten\">\n<script type=\"application\/ld+json\" class=\"yoast-schema-graph\">{\"@context\":\"https:\/\/schema.org\",\"@graph\":[{\"@type\":\"WebSite\",\"@id\":\"https:\/\/mhl-law.de\/#website\",\"url\":\"https:\/\/mhl-law.de\/\",\"name\":\"MHL-Law Rechtsanwaltsgesellschaft mbh\",\"description\":\"Markus Hans Ludwig\",\"potentialAction\":[{\"@type\":\"SearchAction\",\"target\":\"https:\/\/mhl-law.de\/?s={search_term_string}\",\"query-input\":\"required name=search_term_string\"}],\"inLanguage\":\"de-DE\"},{\"@type\":\"WebPage\",\"@id\":\"https:\/\/mhl-law.de\/de\/irlandgeschaft\/mhl-support-services-ltd\/#webpage\",\"url\":\"https:\/\/mhl-law.de\/de\/irlandgeschaft\/mhl-support-services-ltd\/\",\"name\":\"MHL Support Services Ltd. Ireland. - MHL-Law Rechtsanwaltsgesellschaft mbh\",\"isPartOf\":{\"@id\":\"https:\/\/mhl-law.de\/#website\"},\"datePublished\":\"2014-05-26T08:35:50+00:00\",\"dateModified\":\"2016-02-13T19:21:30+00:00\",\"inLanguage\":\"de-DE\",\"potentialAction\":[{\"@type\":\"ReadAction\",\"target\":[\"https:\/\/mhl-law.de\/de\/irlandgeschaft\/mhl-support-services-ltd\/\"]}]}]}<\/script>\n<!-- \/ Yoast SEO plugin. -->","_links":{"self":[{"href":"https:\/\/mhl-law.de\/de\/wp-json\/wp\/v2\/pages\/542"}],"collection":[{"href":"https:\/\/mhl-law.de\/de\/wp-json\/wp\/v2\/pages"}],"about":[{"href":"https:\/\/mhl-law.de\/de\/wp-json\/wp\/v2\/types\/page"}],"author":[{"embeddable":true,"href":"https:\/\/mhl-law.de\/de\/wp-json\/wp\/v2\/users\/1"}],"replies":[{"embeddable":true,"href":"https:\/\/mhl-law.de\/de\/wp-json\/wp\/v2\/comments?post=542"}],"version-history":[{"count":4,"href":"https:\/\/mhl-law.de\/de\/wp-json\/wp\/v2\/pages\/542\/revisions"}],"predecessor-version":[{"id":689,"href":"https:\/\/mhl-law.de\/de\/wp-json\/wp\/v2\/pages\/542\/revisions\/689"}],"up":[{"embeddable":true,"href":"https:\/\/mhl-law.de\/de\/wp-json\/wp\/v2\/pages\/40"}],"wp:attachment":[{"href":"https:\/\/mhl-law.de\/de\/wp-json\/wp\/v2\/media?parent=542"}],"curies":[{"name":"wp","href":"https:\/\/api.w.org\/{rel}","templated":true}]}}