{"id":740,"date":"2016-06-03T12:04:01","date_gmt":"2016-06-03T11:04:01","guid":{"rendered":"http:\/\/www.mhl-law.de\/de\/?page_id=740"},"modified":"2019-06-30T22:05:27","modified_gmt":"2019-06-30T21:05:27","slug":"karriere","status":"publish","type":"page","link":"https:\/\/mhl-law.de\/de\/die-kanzlei\/karriere\/","title":{"rendered":"Karriere\/Stellenangebote"},"content":{"rendered":"<h3>Steuerfachangestellte(r):<\/h3>\n<p>Zur Verst\u00e4rkung unseres Teams suchen wir zum n\u00e4chstm\u00f6glichen Zeitpunkt f\u00fcr unsere Standorte M\u00fcnchen und Memmingen Unterst\u00fctzung im Bereich Finanz- und Lohnbuchhaltung, sowie bei der Erstellung privater Steuererkl\u00e4rungen und der Vorbereitung von Jahresabschl\u00fcssen.<\/p>\n<p>Wir freuen uns auf Ihre Bewerbungsunterlagen, gerne auch per E-Mail an Hr. Ludwig (<a href=\"mailto:ludwig@mhl-law.de\">ludwig@mhl-law.de<\/a>)<\/p>\n<h3>Steuerberater(in):<\/h3>\n<p>Zur Verst\u00e4rkung unseres Teams suchen wir zum n\u00e4chstm\u00f6glichen Zeitpunkt f\u00fcr unsere Filiale<br \/>\nin Memmingen Unterst\u00fctzung. Schwerpunkt der T\u00e4tigkeit ist neben der Anleitung des<br \/>\nSteuerfachpersonals die Betreuung unserer \u00fcberwiegend irischen Auslandskunden in<br \/>\nenglischer Sprache. Die T\u00e4tigkeit ist bestens geeignet, um die erforderlichen praktischen<br \/>\nF\u00e4lle zum Fachberater f\u00fcr Internationales Steuerrecht zu erreichen.<\/p>\n<p>Ihr neuer Arbeitsplatz befindet sich in einem Altbau am Rande der Memminger Altstadt,<br \/>\nfussl\u00e4ufig vom Bahnhof, dem Busterminal und den Parkh\u00e4usern zu erreichen. (Siehe auch:<br \/>\n<a href=\"https:\/\/mhl-law.de\/de\/die-kanzlei\/unsere-standorte\/zweigstelle-memmingen\/\">Zweigstelle Memmingen<\/a>)<\/p>\n<p>Aufgrund unserer internationalen Ausrichtung sind sehr gute Englischkenntnisse<br \/>\nVoraussetzung. Bewerbungen bitte nur in elektronischer Form an: MHL-Law<br \/>\nRechtsanwaltsgesellschaft mbH, RA \/ Solicitor Markus Ludwig, (<a href=\"mailto:ludwig@mhl-law.de\">ludwig@mhl-law.de<\/a>)<\/p>\n","protected":false},"excerpt":{"rendered":"<p>Steuerfachangestellte(r): Zur Verst\u00e4rkung unseres Teams suchen wir zum n\u00e4chstm\u00f6glichen Zeitpunkt f\u00fcr unsere Standorte M\u00fcnchen und Memmingen Unterst\u00fctzung im Bereich Finanz- und Lohnbuchhaltung, sowie bei der Erstellung privater Steuererkl\u00e4rungen und der Vorbereitung von Jahresabschl\u00fcssen. Wir freuen uns auf Ihre Bewerbungsunterlagen, gerne auch per E-Mail an Hr. Ludwig (ludwig@mhl-law.de) Steuerberater(in): Zur Verst\u00e4rkung&#8230;<\/p>\n","protected":false},"author":1,"featured_media":0,"parent":523,"menu_order":40,"comment_status":"closed","ping_status":"closed","template":"","meta":[],"acf":[],"yoast_head":"<!-- This site is optimized with the Yoast SEO plugin v15.4 - https:\/\/yoast.com\/wordpress\/plugins\/seo\/ -->\n<meta name=\"robots\" content=\"index, follow, max-snippet:-1, max-image-preview:large, max-video-preview:-1\" \/>\n<link rel=\"canonical\" href=\"https:\/\/mhl-law.de\/de\/die-kanzlei\/karriere\/\" \/>\n<meta property=\"og:locale\" content=\"de_DE\" \/>\n<meta property=\"og:type\" content=\"article\" \/>\n<meta property=\"og:title\" content=\"Karriere\/Stellenangebote - MHL-Law Rechtsanwaltsgesellschaft mbh\" \/>\n<meta property=\"og:description\" content=\"Steuerfachangestellte(r): Zur Verst\u00e4rkung unseres Teams suchen wir zum n\u00e4chstm\u00f6glichen Zeitpunkt f\u00fcr unsere Standorte M\u00fcnchen und Memmingen Unterst\u00fctzung im Bereich Finanz- und Lohnbuchhaltung, sowie bei der Erstellung privater Steuererkl\u00e4rungen und der Vorbereitung von Jahresabschl\u00fcssen. Wir freuen uns auf Ihre Bewerbungsunterlagen, gerne auch per E-Mail an Hr. Ludwig (ludwig@mhl-law.de) Steuerberater(in): Zur Verst\u00e4rkung...\" \/>\n<meta property=\"og:url\" content=\"https:\/\/mhl-law.de\/de\/die-kanzlei\/karriere\/\" \/>\n<meta property=\"og:site_name\" content=\"MHL-Law Rechtsanwaltsgesellschaft mbh\" \/>\n<meta property=\"article:modified_time\" content=\"2019-06-30T21:05:27+00:00\" \/>\n<meta name=\"twitter:card\" content=\"summary\" \/>\n<meta name=\"twitter:label1\" content=\"Verfasst von\">\n\t<meta name=\"twitter:data1\" content=\"plasticity\">\n\t<meta name=\"twitter:label2\" content=\"Gesch\u00e4tzte Lesezeit\">\n\t<meta name=\"twitter:data2\" content=\"1 Minute\">\n<script type=\"application\/ld+json\" class=\"yoast-schema-graph\">{\"@context\":\"https:\/\/schema.org\",\"@graph\":[{\"@type\":\"WebSite\",\"@id\":\"https:\/\/mhl-law.de\/#website\",\"url\":\"https:\/\/mhl-law.de\/\",\"name\":\"MHL-Law Rechtsanwaltsgesellschaft mbh\",\"description\":\"Markus Hans Ludwig\",\"potentialAction\":[{\"@type\":\"SearchAction\",\"target\":\"https:\/\/mhl-law.de\/?s={search_term_string}\",\"query-input\":\"required name=search_term_string\"}],\"inLanguage\":\"de-DE\"},{\"@type\":\"WebPage\",\"@id\":\"https:\/\/mhl-law.de\/de\/die-kanzlei\/karriere\/#webpage\",\"url\":\"https:\/\/mhl-law.de\/de\/die-kanzlei\/karriere\/\",\"name\":\"Karriere\/Stellenangebote - MHL-Law Rechtsanwaltsgesellschaft mbh\",\"isPartOf\":{\"@id\":\"https:\/\/mhl-law.de\/#website\"},\"datePublished\":\"2016-06-03T11:04:01+00:00\",\"dateModified\":\"2019-06-30T21:05:27+00:00\",\"inLanguage\":\"de-DE\",\"potentialAction\":[{\"@type\":\"ReadAction\",\"target\":[\"https:\/\/mhl-law.de\/de\/die-kanzlei\/karriere\/\"]}]}]}<\/script>\n<!-- \/ Yoast SEO plugin. -->","_links":{"self":[{"href":"https:\/\/mhl-law.de\/de\/wp-json\/wp\/v2\/pages\/740"}],"collection":[{"href":"https:\/\/mhl-law.de\/de\/wp-json\/wp\/v2\/pages"}],"about":[{"href":"https:\/\/mhl-law.de\/de\/wp-json\/wp\/v2\/types\/page"}],"author":[{"embeddable":true,"href":"https:\/\/mhl-law.de\/de\/wp-json\/wp\/v2\/users\/1"}],"replies":[{"embeddable":true,"href":"https:\/\/mhl-law.de\/de\/wp-json\/wp\/v2\/comments?post=740"}],"version-history":[{"count":10,"href":"https:\/\/mhl-law.de\/de\/wp-json\/wp\/v2\/pages\/740\/revisions"}],"predecessor-version":[{"id":1348,"href":"https:\/\/mhl-law.de\/de\/wp-json\/wp\/v2\/pages\/740\/revisions\/1348"}],"up":[{"embeddable":true,"href":"https:\/\/mhl-law.de\/de\/wp-json\/wp\/v2\/pages\/523"}],"wp:attachment":[{"href":"https:\/\/mhl-law.de\/de\/wp-json\/wp\/v2\/media?parent=740"}],"curies":[{"name":"wp","href":"https:\/\/api.w.org\/{rel}","templated":true}]}}