{"id":874,"date":"2018-01-06T22:50:57","date_gmt":"2018-01-06T21:50:57","guid":{"rendered":"http:\/\/www.mhl-law.de\/?page_id=874"},"modified":"2018-04-05T09:22:19","modified_gmt":"2018-04-05T08:22:19","slug":"steuerberater","status":"publish","type":"page","link":"https:\/\/mhl-law.de\/de\/die-kanzlei\/steuerberater\/","title":{"rendered":"Steuerberater \/ FA f. SteuerR"},"content":{"rendered":"<p>Als kleine jedoch spezialisierte Kanzlei wollen wir unsere Mandanten individuell und pers\u00f6nlich betreuen. Nach M\u00f6glichkeit erhalten Sie einen festen Ansprechpartner, der sich in das Mandat einarbeitet und es dann kontinuierlich fortf\u00fchrt.<\/p>\n","protected":false},"excerpt":{"rendered":"<p>Als kleine jedoch spezialisierte Kanzlei wollen wir unsere Mandanten individuell und pers\u00f6nlich betreuen. Nach M\u00f6glichkeit erhalten Sie einen festen Ansprechpartner, der sich in das Mandat einarbeitet und es dann kontinuierlich fortf\u00fchrt.<\/p>\n","protected":false},"author":1,"featured_media":0,"parent":523,"menu_order":10,"comment_status":"closed","ping_status":"closed","template":"","meta":[],"acf":[],"yoast_head":"<!-- This site is optimized with the Yoast SEO plugin v15.4 - https:\/\/yoast.com\/wordpress\/plugins\/seo\/ -->\n<meta name=\"robots\" content=\"index, follow, max-snippet:-1, max-image-preview:large, max-video-preview:-1\" \/>\n<link rel=\"canonical\" href=\"https:\/\/mhl-law.de\/de\/die-kanzlei\/steuerberater\/\" \/>\n<meta property=\"og:locale\" content=\"de_DE\" \/>\n<meta property=\"og:type\" content=\"article\" \/>\n<meta property=\"og:title\" content=\"Steuerberater \/ FA f. SteuerR - MHL-Law Rechtsanwaltsgesellschaft mbh\" \/>\n<meta property=\"og:description\" content=\"Als kleine jedoch spezialisierte Kanzlei wollen wir unsere Mandanten individuell und pers\u00f6nlich betreuen. Nach M\u00f6glichkeit erhalten Sie einen festen Ansprechpartner, der sich in das Mandat einarbeitet und es dann kontinuierlich fortf\u00fchrt.\" \/>\n<meta property=\"og:url\" content=\"https:\/\/mhl-law.de\/de\/die-kanzlei\/steuerberater\/\" \/>\n<meta property=\"og:site_name\" content=\"MHL-Law Rechtsanwaltsgesellschaft mbh\" \/>\n<meta property=\"article:modified_time\" content=\"2018-04-05T08:22:19+00:00\" \/>\n<meta name=\"twitter:card\" content=\"summary\" \/>\n<meta name=\"twitter:label1\" content=\"Verfasst von\">\n\t<meta name=\"twitter:data1\" content=\"plasticity\">\n\t<meta name=\"twitter:label2\" content=\"Gesch\u00e4tzte Lesezeit\">\n\t<meta name=\"twitter:data2\" content=\"0 Minuten\">\n<script type=\"application\/ld+json\" class=\"yoast-schema-graph\">{\"@context\":\"https:\/\/schema.org\",\"@graph\":[{\"@type\":\"WebSite\",\"@id\":\"https:\/\/mhl-law.de\/#website\",\"url\":\"https:\/\/mhl-law.de\/\",\"name\":\"MHL-Law Rechtsanwaltsgesellschaft mbh\",\"description\":\"Markus Hans Ludwig\",\"potentialAction\":[{\"@type\":\"SearchAction\",\"target\":\"https:\/\/mhl-law.de\/?s={search_term_string}\",\"query-input\":\"required name=search_term_string\"}],\"inLanguage\":\"de-DE\"},{\"@type\":\"WebPage\",\"@id\":\"https:\/\/mhl-law.de\/de\/die-kanzlei\/steuerberater\/#webpage\",\"url\":\"https:\/\/mhl-law.de\/de\/die-kanzlei\/steuerberater\/\",\"name\":\"Steuerberater \/ FA f. SteuerR - MHL-Law Rechtsanwaltsgesellschaft mbh\",\"isPartOf\":{\"@id\":\"https:\/\/mhl-law.de\/#website\"},\"datePublished\":\"2018-01-06T21:50:57+00:00\",\"dateModified\":\"2018-04-05T08:22:19+00:00\",\"inLanguage\":\"de-DE\",\"potentialAction\":[{\"@type\":\"ReadAction\",\"target\":[\"https:\/\/mhl-law.de\/de\/die-kanzlei\/steuerberater\/\"]}]}]}<\/script>\n<!-- \/ Yoast SEO plugin. -->","_links":{"self":[{"href":"https:\/\/mhl-law.de\/de\/wp-json\/wp\/v2\/pages\/874"}],"collection":[{"href":"https:\/\/mhl-law.de\/de\/wp-json\/wp\/v2\/pages"}],"about":[{"href":"https:\/\/mhl-law.de\/de\/wp-json\/wp\/v2\/types\/page"}],"author":[{"embeddable":true,"href":"https:\/\/mhl-law.de\/de\/wp-json\/wp\/v2\/users\/1"}],"replies":[{"embeddable":true,"href":"https:\/\/mhl-law.de\/de\/wp-json\/wp\/v2\/comments?post=874"}],"version-history":[{"count":3,"href":"https:\/\/mhl-law.de\/de\/wp-json\/wp\/v2\/pages\/874\/revisions"}],"predecessor-version":[{"id":1265,"href":"https:\/\/mhl-law.de\/de\/wp-json\/wp\/v2\/pages\/874\/revisions\/1265"}],"up":[{"embeddable":true,"href":"https:\/\/mhl-law.de\/de\/wp-json\/wp\/v2\/pages\/523"}],"wp:attachment":[{"href":"https:\/\/mhl-law.de\/de\/wp-json\/wp\/v2\/media?parent=874"}],"curies":[{"name":"wp","href":"https:\/\/api.w.org\/{rel}","templated":true}]}}