{"id":899,"date":"2018-01-08T11:46:16","date_gmt":"2018-01-08T10:46:16","guid":{"rendered":"http:\/\/www.mhl-law.de\/?page_id=899"},"modified":"2019-07-01T20:53:45","modified_gmt":"2019-07-01T19:53:45","slug":"engl","status":"publish","type":"page","link":"https:\/\/mhl-law.de\/de\/die-kanzlei\/rechtsanwaelte\/engl\/","title":{"rendered":"Veronika Engl"},"content":{"rendered":"<p><img loading=\"lazy\" class=\"wp-image-973 size-medium alignright\" src=\"http:\/\/www.mhl-law.de\/wp-content\/uploads\/2018\/03\/engl_veronika2-211x300.png\" alt=\"\" width=\"211\" height=\"300\" \/><strong>Berufsbezeichnungen: <\/strong>Rechtsanw\u00e4ltin\u00a0\u2022 Fachanw\u00e4ltin f\u00fcr Steuerrecht \u2022 Prokuristin<\/p>\n<p><strong>Fachgebiete:<\/strong> Gesellschaftsrecht \u2022 Vertragsrecht \u2022 Steuerrecht \u2022 Arbeitsrecht \u2022 Nachlass- und Nachfolgeberatung<\/p>\n<p><strong>Email:<\/strong>\u00a0<a href=\"mailto:engl@mhl-law.de\">engl@mhl-law.de<\/a><\/p>\n<p>Geboren 1983 in M\u00fcnchen. Studium der Rechtswissenschaften an der Ludwig-Maximilians-Universit\u00e4t in M\u00fcnchen (Schwerpunktbereich: \u00d6ffentliches Wirtschaftsrecht). Referendariat ebenfalls in M\u00fcnchen. Zulassung zur Anwaltschaft in 2012. Mitglied der Rechtsanwaltskammer M\u00fcnchen. Fachanw\u00e4ltin f\u00fcr Steuerrecht seit M\u00e4rz 2016.<\/p>\n<p>Frau Engl arbeitet bereits seit dem Jahr 2010 mit Herrn Ludwig zusammen. Zun\u00e4chst als Nebent\u00e4tigkeit w\u00e4hrend des Referendariats, und ab dem Jahr 2012 als angestellte Rechtsanw\u00e4ltin bei MHL-Law.<\/p>\n<p>Entsprechend ihrer fachanwaltlichen Ausrichtung betreut Frau Engl haupts\u00e4chlich Anliegen von Privatpersonen und Unternehmen im steuerrechtlichen Bereich, sowohl im nationalen als auch im internationalen Steuerrecht. Einen Schwerpunkt bildet hierbei das Umsatzsteuerrecht. Zudem ist Frau Engl t\u00e4tig im Erbrecht samt der entsprechenden steuerrechtlichen Bez\u00fcge (beispielsweise im Rahmen der vorweggenommenen Erbfolge, der Erbfolgeplanung oder bei Erbschaftsteuer- und Schenkungsteuererkl\u00e4rungen). Frau Engl bearbeitet f\u00fcr Sie auch gesellschaftsrechtliche Themen (u.a. Gesellschaftsgr\u00fcndungen) und unterst\u00fctzt Sie im Vertragsrecht (sowohl im IT-Bereich als auch im allgemeinen Vertragsrecht). Durch ihre langj\u00e4hrige Erfahrung als Mitarbeiterin von MHL-Law ist sie die richtige Ansprechpartnerin f\u00fcr nahezu alle Ihre Anfragen und wird diese n\u00f6tigenfalls gerne innerhalb der Kanzlei an die zust\u00e4ndige Stelle weiterleiten. W\u00e4hrend der Auslandsaufenthalte von Herrn Ludwig steht sie Ihnen gerne als erste Anlaufstelle im M\u00fcnchner B\u00fcro von MHL-Law zur Verf\u00fcgung.<\/p>\n<p>Neben ihrer Muttersprache Deutsch spricht Frau Engl auch flie\u00dfend Englisch.<\/p>\n","protected":false},"excerpt":{"rendered":"<p><strong>Berufsbezeichnungen: <\/strong>Rechtsanw\u00e4ltin\u00a0\u2022 Fachanw\u00e4ltin f\u00fcr Steuerrecht \u2022 Prokuristin<\/p>\n<p><strong>Fachgebiete:<\/strong> Gesellschaftsrecht \u2022 Vertragsrecht \u2022 Steuerrecht \u2022 Arbeitsrecht \u2022 Nachlass- und Nachfolgeberatung<\/p>\n<p><strong>Email:<\/strong>\u00a0<a href=\"mailto:engl@mhl-law.de\">engl@mhl-law.de<\/a><\/p>\n","protected":false},"author":1,"featured_media":0,"parent":867,"menu_order":5,"comment_status":"closed","ping_status":"closed","template":"","meta":[],"acf":[],"yoast_head":"<!-- This site is optimized with the Yoast SEO plugin v15.4 - https:\/\/yoast.com\/wordpress\/plugins\/seo\/ -->\n<meta name=\"robots\" content=\"index, follow, max-snippet:-1, max-image-preview:large, max-video-preview:-1\" \/>\n<link rel=\"canonical\" href=\"https:\/\/mhl-law.de\/de\/die-kanzlei\/rechtsanwaelte\/engl\/\" \/>\n<meta property=\"og:locale\" content=\"de_DE\" \/>\n<meta property=\"og:type\" content=\"article\" \/>\n<meta property=\"og:title\" content=\"Veronika Engl - MHL-Law Rechtsanwaltsgesellschaft mbh\" \/>\n<meta property=\"og:description\" content=\"Berufsbezeichnungen: Rechtsanw\u00e4ltin\u00a0\u2022 Fachanw\u00e4ltin f\u00fcr Steuerrecht \u2022 Prokuristin  Fachgebiete: Gesellschaftsrecht \u2022 Vertragsrecht \u2022 Steuerrecht \u2022 Arbeitsrecht \u2022 Nachlass- und Nachfolgeberatung  Email:\u00a0engl@mhl-law.de\" \/>\n<meta property=\"og:url\" content=\"https:\/\/mhl-law.de\/de\/die-kanzlei\/rechtsanwaelte\/engl\/\" \/>\n<meta property=\"og:site_name\" content=\"MHL-Law Rechtsanwaltsgesellschaft mbh\" \/>\n<meta property=\"article:modified_time\" content=\"2019-07-01T19:53:45+00:00\" \/>\n<meta property=\"og:image\" content=\"http:\/\/www.mhl-law.de\/wp-content\/uploads\/2018\/03\/engl_veronika2-211x300.png\" \/>\n<meta name=\"twitter:card\" content=\"summary\" \/>\n<meta name=\"twitter:label1\" content=\"Verfasst von\">\n\t<meta name=\"twitter:data1\" content=\"plasticity\">\n\t<meta name=\"twitter:label2\" content=\"Gesch\u00e4tzte Lesezeit\">\n\t<meta name=\"twitter:data2\" content=\"1 Minute\">\n<script type=\"application\/ld+json\" class=\"yoast-schema-graph\">{\"@context\":\"https:\/\/schema.org\",\"@graph\":[{\"@type\":\"WebSite\",\"@id\":\"https:\/\/mhl-law.de\/#website\",\"url\":\"https:\/\/mhl-law.de\/\",\"name\":\"MHL-Law Rechtsanwaltsgesellschaft mbh\",\"description\":\"Markus Hans Ludwig\",\"potentialAction\":[{\"@type\":\"SearchAction\",\"target\":\"https:\/\/mhl-law.de\/?s={search_term_string}\",\"query-input\":\"required name=search_term_string\"}],\"inLanguage\":\"de-DE\"},{\"@type\":\"ImageObject\",\"@id\":\"https:\/\/mhl-law.de\/de\/die-kanzlei\/rechtsanwaelte\/engl\/#primaryimage\",\"inLanguage\":\"de-DE\",\"url\":\"http:\/\/www.mhl-law.de\/wp-content\/uploads\/2018\/03\/engl_veronika2-211x300.png\"},{\"@type\":\"WebPage\",\"@id\":\"https:\/\/mhl-law.de\/de\/die-kanzlei\/rechtsanwaelte\/engl\/#webpage\",\"url\":\"https:\/\/mhl-law.de\/de\/die-kanzlei\/rechtsanwaelte\/engl\/\",\"name\":\"Veronika Engl - MHL-Law Rechtsanwaltsgesellschaft mbh\",\"isPartOf\":{\"@id\":\"https:\/\/mhl-law.de\/#website\"},\"primaryImageOfPage\":{\"@id\":\"https:\/\/mhl-law.de\/de\/die-kanzlei\/rechtsanwaelte\/engl\/#primaryimage\"},\"datePublished\":\"2018-01-08T10:46:16+00:00\",\"dateModified\":\"2019-07-01T19:53:45+00:00\",\"inLanguage\":\"de-DE\",\"potentialAction\":[{\"@type\":\"ReadAction\",\"target\":[\"https:\/\/mhl-law.de\/de\/die-kanzlei\/rechtsanwaelte\/engl\/\"]}]}]}<\/script>\n<!-- \/ Yoast SEO plugin. -->","_links":{"self":[{"href":"https:\/\/mhl-law.de\/de\/wp-json\/wp\/v2\/pages\/899"}],"collection":[{"href":"https:\/\/mhl-law.de\/de\/wp-json\/wp\/v2\/pages"}],"about":[{"href":"https:\/\/mhl-law.de\/de\/wp-json\/wp\/v2\/types\/page"}],"author":[{"embeddable":true,"href":"https:\/\/mhl-law.de\/de\/wp-json\/wp\/v2\/users\/1"}],"replies":[{"embeddable":true,"href":"https:\/\/mhl-law.de\/de\/wp-json\/wp\/v2\/comments?post=899"}],"version-history":[{"count":10,"href":"https:\/\/mhl-law.de\/de\/wp-json\/wp\/v2\/pages\/899\/revisions"}],"predecessor-version":[{"id":1353,"href":"https:\/\/mhl-law.de\/de\/wp-json\/wp\/v2\/pages\/899\/revisions\/1353"}],"up":[{"embeddable":true,"href":"https:\/\/mhl-law.de\/de\/wp-json\/wp\/v2\/pages\/867"}],"wp:attachment":[{"href":"https:\/\/mhl-law.de\/de\/wp-json\/wp\/v2\/media?parent=899"}],"curies":[{"name":"wp","href":"https:\/\/api.w.org\/{rel}","templated":true}]}}