{"id":9,"date":"2013-06-20T17:37:35","date_gmt":"2013-06-20T16:37:35","guid":{"rendered":"http:\/\/www.mhl-law.de\/?page_id=9"},"modified":"2022-09-30T12:47:34","modified_gmt":"2022-09-30T11:47:34","slug":"markus-ludwig","status":"publish","type":"page","link":"https:\/\/mhl-law.de\/de\/die-kanzlei\/rechtsanwaelte\/markus-ludwig\/","title":{"rendered":"Markus Hans Ludwig"},"content":{"rendered":"<p><a href=\"https:\/\/mhl-law.de\/wp-content\/uploads\/2022\/08\/Web_-8-e1659693530508.jpg\"><img loading=\"lazy\" class=\"size-medium wp-image-1401 alignright\" src=\"https:\/\/mhl-law.de\/wp-content\/uploads\/2022\/08\/Web_-8-200x300.jpg\" alt=\"\" width=\"200\" height=\"300\" srcset=\"https:\/\/mhl-law.de\/wp-content\/uploads\/2022\/08\/Web_-8-200x300.jpg 200w, https:\/\/mhl-law.de\/wp-content\/uploads\/2022\/08\/Web_-8-683x1024.jpg 683w, https:\/\/mhl-law.de\/wp-content\/uploads\/2022\/08\/Web_-8-768x1151.jpg 768w, https:\/\/mhl-law.de\/wp-content\/uploads\/2022\/08\/Web_-8-1025x1536.jpg 1025w, https:\/\/mhl-law.de\/wp-content\/uploads\/2022\/08\/Web_-8.jpg 1281w\" sizes=\"(max-width: 200px) 100vw, 200px\" \/><\/a><\/p>\n<p><strong>Berufsbezeichnungen: <\/strong>Gesch\u00e4ftsf\u00fchrer \u2022 Rechtsanwalt \u2022 Fachanwalt f\u00fcr Steuerrecht in Deutschland \u2022 Solicitor (Rep. of Ireland)<\/p>\n<p><strong>Fachgebiete:\u00a0<\/strong>Gesellschaftsrecht \u2022 Vertragsrecht \u2022 Steuerrecht \u2022 Arbeitsrecht \u2022 IT-Recht \u2022 Nachlass- und Nachfolgeberatung<\/p>\n<p><strong>Email:<\/strong>\u00a0<a href=\"mailto:ludwig@mhl-law.de\">ludwig@mhl-law.de<\/a> \/\u00a0<a href=\"mailto:ludwig@mhl-law.ie\">ludwig@mhl-law.ie<\/a><\/p>\n<p>Nach vielen Jahren der T\u00e4tigkeit als Partner in einer gr\u00f6\u00dferen Rechtsanwalts- und Steuerberatungsgesellschaft hat Herr Ludwig am 1. Juli 2011 seine eigene Anwaltskanzlei gegr\u00fcndet. Nach Jahren kontinuierlichen Wachstums hat Herr Ludwig diese Einzelkanzlei dann im Januar 2018 in die von ihm gef\u00fchrte MHL-Law Rechtsanwaltsgesellschaft mbH eingebracht. Herr Ludwig ist derzeit praktizierender Rechtsanwalt \/ Fachanwalt f\u00fcr Steuerrecht in Deutschland sowie praktizierender irischer Solicitor.<\/p>\n<p>Herr Ludwig wurde 1971 in M\u00fcnchen geboren. Er wuchs in Bayern auf, verbrachte aber w\u00e4hrend seiner Kindheit gl\u00fcckliche Sommer in Co Kerry, Irland.<\/p>\n<p>Herr Ludwig hat sein Studium der Rechtswissenschaften 1995 an der Ludwig-Maximilians-Universit\u00e4t abgeschlossen. Nach Referendariat und 2. Staatsexamen begann er seine berufliche Laufbahn 1998 in die Steuerkanzlei Leinauer &amp; M\u00fcller, wo er die Rechtsabteilung der Kanzlei aufbaute. Von 2001 bis Juni 2011 war Herr Ludwig als Partner bei LM LEINAUER M\u00dcLLER LUDWIG &amp; PARTNER vorwiegend in den Bereichen des Steuer-, Gesellschafts- und IT-Rechts t\u00e4tig.<\/p>\n<p>Herr Ludwig verf\u00fcgt \u00fcber eine Spezialisierung im Steuerrecht seit 2001 (Fachanwalt f. Steuerrecht). Im Jahr 2008 wurde er in die Anwaltsliste in Irland aufgenommen. Im Jahr 2010 wurde Herr Ludwig zudem als Anwalt bei den Senior Courts von England und Wales zugelassen, \u00fcbt diese T\u00e4tigkeit aber aktuell nicht aus.<\/p>\n<p>Im Juli 2011 gr\u00fcndete Herr Ludwig seine eigene Rechtsanwalts- und Steuerkanzlei als Einzelanwalt welche er mit Wirkung Januar 2018 in die von ihn gef\u00fchrte MHL-Law Rechtsanwaltsgesellschaft mbH eingebracht hat.<\/p>\n","protected":false},"excerpt":{"rendered":"<p><strong>Berufsbezeichnungen:\u00a0<\/strong>Gesch\u00e4ftsf\u00fchrer \u2022 Rechtsanwalt \u2022 Fachanwalt f\u00fcr Steuerrecht in Deutschland \u2022 Solicitor (Rep. of Ireland)<\/p>\n<p><strong>Fachgebiete:\u00a0<\/strong>Gesellschaftsrecht \u2022 Vertragsrecht \u2022 Steuerrecht \u2022 Arbeitsrecht \u2022 IT-Recht \u2022 Nachlass- und Nachfolgeberatung<\/p>\n<p><strong>Email:<\/strong>\u00a0<a href=\"mailto:ludwig@mhl-law.de\">ludwig@mhl-law.de<\/a> \/\u00a0<a href=\"mailto:ludwig@mhl-law.ie\">ludwig@mhl-law.ie<\/a><\/p>\n","protected":false},"author":1,"featured_media":0,"parent":867,"menu_order":1,"comment_status":"open","ping_status":"closed","template":"","meta":[],"acf":[],"yoast_head":"<!-- This site is optimized with the Yoast SEO plugin v15.4 - https:\/\/yoast.com\/wordpress\/plugins\/seo\/ -->\n<meta name=\"robots\" content=\"index, follow, max-snippet:-1, max-image-preview:large, max-video-preview:-1\" \/>\n<link rel=\"canonical\" href=\"https:\/\/mhl-law.de\/de\/die-kanzlei\/rechtsanwaelte\/markus-ludwig\/\" \/>\n<meta property=\"og:locale\" content=\"de_DE\" \/>\n<meta property=\"og:type\" content=\"article\" \/>\n<meta property=\"og:title\" content=\"Markus Hans Ludwig - MHL-Law Rechtsanwaltsgesellschaft mbh\" \/>\n<meta property=\"og:description\" content=\"Berufsbezeichnungen:\u00a0Gesch\u00e4ftsf\u00fchrer \u2022 Rechtsanwalt \u2022 Fachanwalt f\u00fcr Steuerrecht in Deutschland \u2022 Solicitor (Rep. of Ireland)  Fachgebiete:\u00a0Gesellschaftsrecht \u2022 Vertragsrecht \u2022 Steuerrecht \u2022 Arbeitsrecht \u2022 IT-Recht \u2022 Nachlass- und Nachfolgeberatung  Email:\u00a0ludwig@mhl-law.de \/\u00a0ludwig@mhl-law.ie\" \/>\n<meta property=\"og:url\" content=\"https:\/\/mhl-law.de\/de\/die-kanzlei\/rechtsanwaelte\/markus-ludwig\/\" \/>\n<meta property=\"og:site_name\" content=\"MHL-Law Rechtsanwaltsgesellschaft mbh\" \/>\n<meta property=\"article:modified_time\" content=\"2022-09-30T11:47:34+00:00\" \/>\n<meta property=\"og:image\" content=\"https:\/\/mhl-law.de\/wp-content\/uploads\/2022\/08\/Web_-8-200x300.jpg\" \/>\n<meta name=\"twitter:card\" content=\"summary\" \/>\n<meta name=\"twitter:label1\" content=\"Verfasst von\">\n\t<meta name=\"twitter:data1\" content=\"plasticity\">\n\t<meta name=\"twitter:label2\" content=\"Gesch\u00e4tzte Lesezeit\">\n\t<meta name=\"twitter:data2\" content=\"1 Minute\">\n<script type=\"application\/ld+json\" class=\"yoast-schema-graph\">{\"@context\":\"https:\/\/schema.org\",\"@graph\":[{\"@type\":\"WebSite\",\"@id\":\"https:\/\/mhl-law.de\/#website\",\"url\":\"https:\/\/mhl-law.de\/\",\"name\":\"MHL-Law Rechtsanwaltsgesellschaft mbh\",\"description\":\"Markus Hans Ludwig\",\"potentialAction\":[{\"@type\":\"SearchAction\",\"target\":\"https:\/\/mhl-law.de\/?s={search_term_string}\",\"query-input\":\"required name=search_term_string\"}],\"inLanguage\":\"de-DE\"},{\"@type\":\"ImageObject\",\"@id\":\"https:\/\/mhl-law.de\/de\/die-kanzlei\/rechtsanwaelte\/markus-ludwig\/#primaryimage\",\"inLanguage\":\"de-DE\",\"url\":\"https:\/\/mhl-law.de\/wp-content\/uploads\/2022\/08\/Web_-8-e1659693530508.jpg\",\"width\":308,\"height\":462,\"caption\":\"Businiessfotograf\"},{\"@type\":\"WebPage\",\"@id\":\"https:\/\/mhl-law.de\/de\/die-kanzlei\/rechtsanwaelte\/markus-ludwig\/#webpage\",\"url\":\"https:\/\/mhl-law.de\/de\/die-kanzlei\/rechtsanwaelte\/markus-ludwig\/\",\"name\":\"Markus Hans Ludwig - MHL-Law Rechtsanwaltsgesellschaft mbh\",\"isPartOf\":{\"@id\":\"https:\/\/mhl-law.de\/#website\"},\"primaryImageOfPage\":{\"@id\":\"https:\/\/mhl-law.de\/de\/die-kanzlei\/rechtsanwaelte\/markus-ludwig\/#primaryimage\"},\"datePublished\":\"2013-06-20T16:37:35+00:00\",\"dateModified\":\"2022-09-30T11:47:34+00:00\",\"inLanguage\":\"de-DE\",\"potentialAction\":[{\"@type\":\"ReadAction\",\"target\":[\"https:\/\/mhl-law.de\/de\/die-kanzlei\/rechtsanwaelte\/markus-ludwig\/\"]}]}]}<\/script>\n<!-- \/ Yoast SEO plugin. -->","_links":{"self":[{"href":"https:\/\/mhl-law.de\/de\/wp-json\/wp\/v2\/pages\/9"}],"collection":[{"href":"https:\/\/mhl-law.de\/de\/wp-json\/wp\/v2\/pages"}],"about":[{"href":"https:\/\/mhl-law.de\/de\/wp-json\/wp\/v2\/types\/page"}],"author":[{"embeddable":true,"href":"https:\/\/mhl-law.de\/de\/wp-json\/wp\/v2\/users\/1"}],"replies":[{"embeddable":true,"href":"https:\/\/mhl-law.de\/de\/wp-json\/wp\/v2\/comments?post=9"}],"version-history":[{"count":10,"href":"https:\/\/mhl-law.de\/de\/wp-json\/wp\/v2\/pages\/9\/revisions"}],"predecessor-version":[{"id":1433,"href":"https:\/\/mhl-law.de\/de\/wp-json\/wp\/v2\/pages\/9\/revisions\/1433"}],"up":[{"embeddable":true,"href":"https:\/\/mhl-law.de\/de\/wp-json\/wp\/v2\/pages\/867"}],"wp:attachment":[{"href":"https:\/\/mhl-law.de\/de\/wp-json\/wp\/v2\/media?parent=9"}],"curies":[{"name":"wp","href":"https:\/\/api.w.org\/{rel}","templated":true}]}}