{"id":924,"date":"2018-01-08T12:25:28","date_gmt":"2018-01-08T11:25:28","guid":{"rendered":"http:\/\/www.mhl-law.de\/?page_id=924"},"modified":"2018-02-28T10:45:14","modified_gmt":"2018-02-28T09:45:14","slug":"ebeling","status":"publish","type":"page","link":"https:\/\/mhl-law.de\/de\/die-kanzlei\/steuerberater\/ebeling\/","title":{"rendered":"Martina Ebeling"},"content":{"rendered":"<p><img loading=\"lazy\" class=\"alignright wp-image-1082 size-medium\" src=\"http:\/\/www.mhl-law.de\/wp-content\/uploads\/2018\/02\/ebeling_martina-211x300.png\" alt=\"\" width=\"211\" height=\"300\" srcset=\"https:\/\/mhl-law.de\/wp-content\/uploads\/2018\/02\/ebeling_martina-211x300.png 211w, https:\/\/mhl-law.de\/wp-content\/uploads\/2018\/02\/ebeling_martina.png 308w\" sizes=\"(max-width: 211px) 100vw, 211px\" \/><br \/>\nFrau Ebeling hat seit 1997 als Steuerfachgehilfin und Steuerfachwirtin umfangreiche Praxiserfahrung erworben. Im Jahr 2014 hat sie erfolgreich die Pr\u00fcfung zur Steuerberaterin abgelegt. Ihr Hauptaufgabengebiet umfasst die Erstellung von Einkommensteuererkl\u00e4rungen und Jahresabschl\u00fcssen f\u00fcr Personen- und Kapitalgesellschaften. Au\u00dferdem leitet sie unseren Bereich Lohn- und Finanzbuchhaltung.<\/p>\n","protected":false},"excerpt":{"rendered":"<p>Frau Ebeling hat seit 1997 als Steuerfachgehilfin und Steuerfachwirtin umfangreiche Praxiserfahrung erworben. Im Jahr 2014 hat sie erfolgreich die Pr\u00fcfung zur Steuerberaterin abgelegt. Ihr Hauptaufgabengebiet umfasst die Erstellung von Einkommensteuererkl\u00e4rungen und Jahresabschl\u00fcssen f\u00fcr Personen- und Kapitalgesellschaften. Au\u00dferdem leitet sie unseren Bereich Lohn- und Finanzbuchhaltung.<\/p>\n","protected":false},"author":1,"featured_media":0,"parent":874,"menu_order":2,"comment_status":"closed","ping_status":"closed","template":"","meta":[],"acf":[],"yoast_head":"<!-- This site is optimized with the Yoast SEO plugin v15.4 - https:\/\/yoast.com\/wordpress\/plugins\/seo\/ -->\n<meta name=\"robots\" content=\"index, follow, max-snippet:-1, max-image-preview:large, max-video-preview:-1\" \/>\n<link rel=\"canonical\" href=\"https:\/\/mhl-law.de\/de\/die-kanzlei\/steuerberater\/ebeling\/\" \/>\n<meta property=\"og:locale\" content=\"de_DE\" \/>\n<meta property=\"og:type\" content=\"article\" \/>\n<meta property=\"og:title\" content=\"Martina Ebeling - MHL-Law Rechtsanwaltsgesellschaft mbh\" \/>\n<meta property=\"og:description\" content=\"Frau Ebeling hat seit 1997 als Steuerfachgehilfin und Steuerfachwirtin umfangreiche Praxiserfahrung erworben. Im Jahr 2014 hat sie erfolgreich die Pr\u00fcfung zur Steuerberaterin abgelegt. Ihr Hauptaufgabengebiet umfasst die Erstellung von Einkommensteuererkl\u00e4rungen und Jahresabschl\u00fcssen f\u00fcr Personen- und Kapitalgesellschaften. Au\u00dferdem leitet sie unseren Bereich Lohn- und Finanzbuchhaltung.\" \/>\n<meta property=\"og:url\" content=\"https:\/\/mhl-law.de\/de\/die-kanzlei\/steuerberater\/ebeling\/\" \/>\n<meta property=\"og:site_name\" content=\"MHL-Law Rechtsanwaltsgesellschaft mbh\" \/>\n<meta property=\"article:modified_time\" content=\"2018-02-28T09:45:14+00:00\" \/>\n<meta property=\"og:image\" content=\"http:\/\/www.mhl-law.de\/wp-content\/uploads\/2018\/02\/ebeling_martina-211x300.png\" \/>\n<meta name=\"twitter:card\" content=\"summary\" \/>\n<meta name=\"twitter:label1\" content=\"Verfasst von\">\n\t<meta name=\"twitter:data1\" content=\"plasticity\">\n\t<meta name=\"twitter:label2\" content=\"Gesch\u00e4tzte Lesezeit\">\n\t<meta name=\"twitter:data2\" content=\"0 Minuten\">\n<script type=\"application\/ld+json\" class=\"yoast-schema-graph\">{\"@context\":\"https:\/\/schema.org\",\"@graph\":[{\"@type\":\"WebSite\",\"@id\":\"https:\/\/mhl-law.de\/#website\",\"url\":\"https:\/\/mhl-law.de\/\",\"name\":\"MHL-Law Rechtsanwaltsgesellschaft mbh\",\"description\":\"Markus Hans Ludwig\",\"potentialAction\":[{\"@type\":\"SearchAction\",\"target\":\"https:\/\/mhl-law.de\/?s={search_term_string}\",\"query-input\":\"required name=search_term_string\"}],\"inLanguage\":\"de-DE\"},{\"@type\":\"ImageObject\",\"@id\":\"https:\/\/mhl-law.de\/de\/die-kanzlei\/steuerberater\/ebeling\/#primaryimage\",\"inLanguage\":\"de-DE\",\"url\":\"http:\/\/www.mhl-law.de\/wp-content\/uploads\/2018\/02\/ebeling_martina-211x300.png\"},{\"@type\":\"WebPage\",\"@id\":\"https:\/\/mhl-law.de\/de\/die-kanzlei\/steuerberater\/ebeling\/#webpage\",\"url\":\"https:\/\/mhl-law.de\/de\/die-kanzlei\/steuerberater\/ebeling\/\",\"name\":\"Martina Ebeling - MHL-Law Rechtsanwaltsgesellschaft mbh\",\"isPartOf\":{\"@id\":\"https:\/\/mhl-law.de\/#website\"},\"primaryImageOfPage\":{\"@id\":\"https:\/\/mhl-law.de\/de\/die-kanzlei\/steuerberater\/ebeling\/#primaryimage\"},\"datePublished\":\"2018-01-08T11:25:28+00:00\",\"dateModified\":\"2018-02-28T09:45:14+00:00\",\"inLanguage\":\"de-DE\",\"potentialAction\":[{\"@type\":\"ReadAction\",\"target\":[\"https:\/\/mhl-law.de\/de\/die-kanzlei\/steuerberater\/ebeling\/\"]}]}]}<\/script>\n<!-- \/ Yoast SEO plugin. -->","_links":{"self":[{"href":"https:\/\/mhl-law.de\/de\/wp-json\/wp\/v2\/pages\/924"}],"collection":[{"href":"https:\/\/mhl-law.de\/de\/wp-json\/wp\/v2\/pages"}],"about":[{"href":"https:\/\/mhl-law.de\/de\/wp-json\/wp\/v2\/types\/page"}],"author":[{"embeddable":true,"href":"https:\/\/mhl-law.de\/de\/wp-json\/wp\/v2\/users\/1"}],"replies":[{"embeddable":true,"href":"https:\/\/mhl-law.de\/de\/wp-json\/wp\/v2\/comments?post=924"}],"version-history":[{"count":2,"href":"https:\/\/mhl-law.de\/de\/wp-json\/wp\/v2\/pages\/924\/revisions"}],"predecessor-version":[{"id":1083,"href":"https:\/\/mhl-law.de\/de\/wp-json\/wp\/v2\/pages\/924\/revisions\/1083"}],"up":[{"embeddable":true,"href":"https:\/\/mhl-law.de\/de\/wp-json\/wp\/v2\/pages\/874"}],"wp:attachment":[{"href":"https:\/\/mhl-law.de\/de\/wp-json\/wp\/v2\/media?parent=924"}],"curies":[{"name":"wp","href":"https:\/\/api.w.org\/{rel}","templated":true}]}}